{"id":15379,"date":"2023-08-23T23:48:41","date_gmt":"2023-08-23T15:48:41","guid":{"rendered":"https:\/\/tononplastics.com\/?post_type=product&#038;p=15379"},"modified":"2024-03-25T16:51:33","modified_gmt":"2024-03-25T08:51:33","slug":"attractive-and-durable-awning-polycarbonate-hollow-awning-the-awning-for-balcony","status":"publish","type":"product","link":"https:\/\/www.tononplastics.com\/tr\/product\/attractive-and-durable-awning-polycarbonate-hollow-awning-the-awning-for-balcony\/","title":{"rendered":"\u00c7ekici ve dayan\u0131kl\u0131 tente polikarbonat i\u00e7i bo\u015f tente Balkon i\u00e7in tente"},"content":{"rendered":"<p><strong>\u00e7ekici ve dayan\u0131kl\u0131 tente polikarbonat i\u00e7i bo\u015f tente Balkon i\u00e7in tente<br \/>\n<\/strong><\/p>\n<table class=\"aliDataTable\" border=\"0\" cellspacing=\"0\" cellpadding=\"0\">\n<tbody>\n<tr>\n<td><strong>W(CM)<\/strong><\/td>\n<td><strong>D(CM)<\/strong><\/td>\n<td><strong>A\u00e7\u0131klama<\/strong><\/td>\n<\/tr>\n<tr>\n<td>100<\/td>\n<td>100<\/td>\n<td>1 tahta, 2 braket, tam set aksesuarlar<\/td>\n<\/tr>\n<tr>\n<td>120<\/td>\n<td>100<\/td>\n<td>1 tahta, 2 braket, tam set aksesuarlar<\/td>\n<\/tr>\n<tr>\n<td>150<\/td>\n<td>100<\/td>\n<td>1 tahta, 2 braket, tam set aksesuarlar<\/td>\n<\/tr>\n<tr>\n<td>180<\/td>\n<td>100<\/td>\n<td>1 tahta, 2 braket, tam set aksesuarlar<\/td>\n<\/tr>\n<tr>\n<td>200<\/td>\n<td>100<\/td>\n<td>2 pano, 3 braket, tam set aksesuarlar<\/td>\n<\/tr>\n<tr>\n<td>240<\/td>\n<td>100<\/td>\n<td>2 pano, 3 braket, tam set aksesuarlar<\/td>\n<\/tr>\n<\/tbody>\n<\/table>\n<p>1. Levha: PC kat\u0131 levha, PC g\u00fcne\u015f levhas\u0131<\/p>\n<p>2. Tente braketi malzemesi: PA + Fiberglas Kar\u0131\u015f\u0131m\u0131<\/p>\n<p>3. Ba\u011flant\u0131 par\u00e7alar\u0131: Al\u00fcminyum profil<\/p>\n<p>4. Aksesuarlar: genle\u015fme c\u0131vatas\u0131<\/p>\n<p><img fetchpriority=\"high\" decoding=\"async\" class=\"\" src=\"https:\/\/sc02.alicdn.com\/kf\/HTB1c_rWJVXXXXXfXXXXq6xXFXXX4\/200162319\/HTB1c_rWJVXXXXXfXXXXq6xXFXXX4.jpg\" alt=\"\u00e7ekici ve dayan\u0131kl\u0131 tente polikarbonat i\u00e7i bo\u015f tente Balkon i\u00e7in tente\" width=\"636\" height=\"441\" data-src=\"\/\/sc02.alicdn.com\/kf\/HTB1c_rWJVXXXXXfXXXXq6xXFXXX4\/200162319\/HTB1c_rWJVXXXXXfXXXXq6xXFXXX4.jpg\" data-alt=\"attractive and durable awning polycarbonate hollow awning The awning for  balcony\" data-width=\"630\" data- title=\"\"><img decoding=\"async\" class=\"\" src=\"https:\/\/sc01.alicdn.com\/kf\/H8ab2ccf15d5542e7a82269c541d00856p\/200162319\/H8ab2ccf15d5542e7a82269c541d00856p.jpg\" alt=\"\u00e7ekici ve dayan\u0131kl\u0131 tente polikarbonat i\u00e7i bo\u015f tente Balkon i\u00e7in tente\" width=\"632\" height=\"421\" data-src=\"\/\/sc01.alicdn.com\/kf\/H8ab2ccf15d5542e7a82269c541d00856p\/200162319\/H8ab2ccf15d5542e7a82269c541d00856p.jpg\" data-alt=\"attractive and durable awning polycarbonate hollow awning The awning for  balcony\" data-width=\"630\" data- title=\"\"><img decoding=\"async\" src=\"https:\/\/sc01.alicdn.com\/kf\/H9272fa42caf843959a9af6e8f6554a49Z\/200162319\/H9272fa42caf843959a9af6e8f6554a49Z.jpg\" alt=\"\u00e7ekici ve dayan\u0131kl\u0131 tente polikarbonat i\u00e7i bo\u015f tente Balkon i\u00e7in tente\" width=\"630\" height=\"420.21000000000004\" data-src=\"\/\/sc01.alicdn.com\/kf\/H9272fa42caf843959a9af6e8f6554a49Z\/200162319\/H9272fa42caf843959a9af6e8f6554a49Z.jpg\" data-alt=\"attractive and durable awning polycarbonate hollow awning The awning for  balcony\" data-width=\"630\" data- title=\"\"><\/p>\n<p><img decoding=\"async\" class=\"\" src=\"https:\/\/sc01.alicdn.com\/kf\/H3f7c937cb4ef463386c7fb3295c98cfdu\/200162319\/H3f7c937cb4ef463386c7fb3295c98cfdu.jpg\" alt=\"\u00e7ekici ve dayan\u0131kl\u0131 tente polikarbonat i\u00e7i bo\u015f tente Balkon i\u00e7in tente\" width=\"329\" height=\"329\" data-src=\"\/\/sc01.alicdn.com\/kf\/H3f7c937cb4ef463386c7fb3295c98cfdu\/200162319\/H3f7c937cb4ef463386c7fb3295c98cfdu.jpg\" data-alt=\"attractive and durable awning polycarbonate hollow awning The awning for  balcony\" data-width=\"630\" data- title=\"\"><img loading=\"lazy\" decoding=\"async\" class=\"\" src=\"https:\/\/sc01.alicdn.com\/kf\/H099167a0f65f4900bf63ad604b9e13e7V\/200162319\/H099167a0f65f4900bf63ad604b9e13e7V.jpg\" alt=\"\u00e7ekici ve dayan\u0131kl\u0131 tente polikarbonat i\u00e7i bo\u015f tente Balkon i\u00e7in tente\" width=\"412\" height=\"412\" data-src=\"\/\/sc01.alicdn.com\/kf\/H099167a0f65f4900bf63ad604b9e13e7V\/200162319\/H099167a0f65f4900bf63ad604b9e13e7V.jpg\" data-alt=\"attractive and durable awning polycarbonate hollow awning The awning for  balcony\" data-width=\"630\" data- title=\"\"><\/p>\n<p><strong>\u00a0Tente desteklerini sonsuza kadar art\u0131r\u0131n ve montaj i\u00e7in serbest\u00e7e uzat\u0131n<\/strong><\/p>\n<p>Geleneksel \u0131smarlama kaynakl\u0131 tentelerden tamamen ayr\u0131lan yenilik\u00e7i tente, PC levha ve tente desteklerinden olu\u015fan ana yap\u0131s\u0131nda basittir. Seri \u00fcretilen ve kat\u0131 tasar\u0131m standard\u0131na uygun olan Tente, s\u00fcper \u00fcr\u00fcn kalitesinde tutarl\u0131d\u0131r.<\/p>\n<p>$$ayfunlara (Kategori 12) g\u00fcvenle dayanabilir<\/p>\n<p>R\u00fczgar direnci, Darbe direnci, Anti-aging, Anti-korozyon, Ya\u011fmur suyu ile kendi kendini temizleme<\/p>\n<p>Tente kendin yap \u00f6zelli\u011fine sahiptir ve ev sahipleri taraf\u0131ndan kolayca kurulabilir, bu da maliyetten ve yerden tamamen tasarruf sa\u011flar.<\/p>\n<p><img decoding=\"async\" src=\"https:\/\/sc01.alicdn.com\/kf\/H0ae698f80b9840449576927fcabf54feZ\/200162319\/H0ae698f80b9840449576927fcabf54feZ.jpg\" alt=\"\u00e7ekici ve dayan\u0131kl\u0131 tente polikarbonat i\u00e7i bo\u015f tente Balkon i\u00e7in tente\" width=\"630\" height=\"662.76\" data-src=\"\/\/sc01.alicdn.com\/kf\/H0ae698f80b9840449576927fcabf54feZ\/200162319\/H0ae698f80b9840449576927fcabf54feZ.jpg\" data-alt=\"attractive and durable awning polycarbonate hollow awning The awning for  balcony\" data-width=\"630\" data- title=\"\"><\/p>\n<div><em><strong>\u00a0Ticaret&amp;Pazar<\/strong><\/em><\/div>\n<table class=\"aliDataTable\" border=\"0\">\n<tbody>\n<tr>\n<td><strong>Ana Pazarlar:<\/strong><\/td>\n<td><strong>Kuzey Amerika<br \/>\nG\u00fcney Amerika<br \/>\nDo\u011fu Avrupa<br \/>\nG\u00fcneydo\u011fu Asya<br \/>\nAfrika<br \/>\nOkyanusya<br \/>\nOrta Do\u011fu<br \/>\nDo\u011fu Asya<br \/>\nBat\u0131 Avrupa<br \/>\n<\/strong><\/td>\n<\/tr>\n<tr>\n<td><strong>Toplam Y\u0131ll\u0131k Sat\u0131\u015f Hacmi:<\/strong><\/td>\n<td><strong>US$30 Milyon - US$50 Milyon \u00a0<\/strong><\/td>\n<\/tr>\n<\/tbody>\n<\/table>\n<p><strong><span style=\"color: initial;\">Paketleme ve Nakliye<\/span><\/strong><\/p>\n<div id=\"ali-anchor-AliPostDhMb-6uyfa\" data-section=\"AliPostDhMb-6uyfa\" data-section-title=\"Packaging &amp; Shipping\">\n<div>\n<p>\u00a0<img decoding=\"async\" src=\"https:\/\/sc02.alicdn.com\/kf\/Hd05fdb0988024155a7956963ea5973acD\/200162319\/Hd05fdb0988024155a7956963ea5973acD.png\" alt=\"\u00e7ekici ve dayan\u0131kl\u0131 tente polikarbonat i\u00e7i bo\u015f tente Balkon i\u00e7in tente\" width=\"630\" height=\"474.58885941644564\" data-src=\"\/\/sc02.alicdn.com\/kf\/Hd05fdb0988024155a7956963ea5973acD\/200162319\/Hd05fdb0988024155a7956963ea5973acD.png\" data-alt=\"attractive and durable awning polycarbonate hollow awning The awning for  balcony\" data-width=\"630\" data- title=\"\"><img decoding=\"async\" src=\"https:\/\/sc02.alicdn.com\/kf\/H02a52324dc024cdcbaee8c550d0c5b3cR\/200162319\/H02a52324dc024cdcbaee8c550d0c5b3cR.png\" alt=\"\u00e7ekici ve dayan\u0131kl\u0131 tente polikarbonat i\u00e7i bo\u015f tente Balkon i\u00e7in tente\" width=\"630\" height=\"214.7347480106101\" data-src=\"\/\/sc02.alicdn.com\/kf\/H02a52324dc024cdcbaee8c550d0c5b3cR\/200162319\/H02a52324dc024cdcbaee8c550d0c5b3cR.png\" data-alt=\"attractive and durable awning polycarbonate hollow awning The awning for  balcony\" data-width=\"630\" data- title=\"\"><\/p>\n<\/div>\n<\/div>","protected":false},"featured_media":15374,"parent":0,"template":"","product-catagories":[171],"product-tag":[],"class_list":["post-15379","product","type-product","status-publish","has-post-thumbnail","hentry","product-catagories-awning"],"acf":[],"_links":{"self":[{"href":"https:\/\/www.tononplastics.com\/tr\/wp-json\/wp\/v2\/product\/15379","targetHints":{"allow":["GET"]}}],"collection":[{"href":"https:\/\/www.tononplastics.com\/tr\/wp-json\/wp\/v2\/product"}],"about":[{"href":"https:\/\/www.tononplastics.com\/tr\/wp-json\/wp\/v2\/types\/product"}],"version-history":[{"count":0,"href":"https:\/\/www.tononplastics.com\/tr\/wp-json\/wp\/v2\/product\/15379\/revisions"}],"wp:featuredmedia":[{"embeddable":true,"href":"https:\/\/www.tononplastics.com\/tr\/wp-json\/wp\/v2\/media\/15374"}],"wp:attachment":[{"href":"https:\/\/www.tononplastics.com\/tr\/wp-json\/wp\/v2\/media?parent=15379"}],"wp:term":[{"taxonomy":"product-catagories","embeddable":true,"href":"https:\/\/www.tononplastics.com\/tr\/wp-json\/wp\/v2\/product-catagories?post=15379"},{"taxonomy":"product-tag","embeddable":true,"href":"https:\/\/www.tononplastics.com\/tr\/wp-json\/wp\/v2\/product-tag?post=15379"}],"curies":[{"name":"wp","href":"https:\/\/api.w.org\/{rel}","templated":true}]}}