{"id":15381,"date":"2023-08-23T23:50:21","date_gmt":"2023-08-23T15:50:21","guid":{"rendered":"https:\/\/tononplastics.com\/?post_type=product&#038;p=15381"},"modified":"2024-03-25T15:35:57","modified_gmt":"2024-03-25T07:35:57","slug":"high-quality-rain-protect-canopy-rain-shelter-canopies-polycarbonate-clear-sheet","status":"publish","type":"product","link":"https:\/\/www.tononplastics.com\/tr\/product\/high-quality-rain-protect-canopy-rain-shelter-canopies-polycarbonate-clear-sheet\/","title":{"rendered":"Y\u00fcksek Kaliteli Ya\u011fmur Korumas\u0131 Kanopi ya\u011fmur bar\u0131na\u011f\u0131 kanopileri polikarbonat \u015feffaf levha"},"content":{"rendered":"<figure class=\"wp-block-gallery has-nested-images columns-default is-cropped wp-block-gallery-1 is-layout-flex wp-block-gallery-is-layout-flex\">\n<figure class=\"wp-block-image size-large\"><img fetchpriority=\"high\" decoding=\"async\" width=\"1024\" height=\"624\" data-id=\"16266\" src=\"https:\/\/www.tononplastics.com\/wp-content\/uploads\/2024\/03\/16995219633519-1-1024x624.png\" alt=\"\" class=\"wp-image-16266\" title=\"\" srcset=\"https:\/\/www.tononplastics.com\/wp-content\/uploads\/2024\/03\/16995219633519-1-1024x624.png 1024w, https:\/\/www.tononplastics.com\/wp-content\/uploads\/2024\/03\/16995219633519-1-300x183.png 300w, https:\/\/www.tononplastics.com\/wp-content\/uploads\/2024\/03\/16995219633519-1-768x468.png 768w, https:\/\/www.tononplastics.com\/wp-content\/uploads\/2024\/03\/16995219633519-1-1536x937.png 1536w, https:\/\/www.tononplastics.com\/wp-content\/uploads\/2024\/03\/16995219633519-1-18x12.png 18w, https:\/\/www.tononplastics.com\/wp-content\/uploads\/2024\/03\/16995219633519-1.png 1640w\" sizes=\"(max-width: 1024px) 100vw, 1024px\" \/><\/figure>\n<\/figure>\n\n\n<p><strong>Teknik \u00d6zellikler<\/strong><\/p>\n<div>\n<table border=\"1\">\n<tbody>\n<tr>\n<td>Pc masif tahta tente<\/td>\n<\/tr>\n<\/tbody>\n<\/table>\n<table border=\"1\">\n<tbody>\n<tr>\n<td>\u00a0Hay\u0131r.<\/td>\n<td>Model\u00a0<\/td>\n<td>\u00a0Spesifikasyon (D*W)mm<\/td>\n<td>\n<p>Levha Kal\u0131nl\u0131\u011f\u0131<\/p>\n<p>(mm)\u00a0<\/p>\n<\/td>\n<td>A\u00e7\u0131klama\u00a0<\/td>\n<td>Ana g\u00f6vde malzemesi\u00a0<\/td>\n<\/tr>\n<tr>\n<td>\u00a0Merican Tente<\/td>\n<td>600-S (D\u00fcz levha)\u00a0<\/td>\n<td>\u00a0600mm*600mm(700mm;800mm)<\/td>\n<td>3\u00a0<\/td>\n<td>1Board, 2 braket, tam set aksesuarlar\u00a0<\/td>\n<td rowspan=\"5\">\u00a0\u00a0M\u00fchendislik Plaktik Braketleri<\/td>\n<\/tr>\n<tr>\n<td>\u00a0Merican Tente<\/td>\n<td>800-S (D\u00fcz levha)<\/td>\n<td>800mm*800mm(1000mm;1200mm;1500mm)<\/td>\n<td>3<\/td>\n<td>1Board, 2 braket, tam set aksesuarlar<\/td>\n<\/tr>\n<tr>\n<td>\u00a0Merican Tente<\/td>\n<td>1000-S (D\u00fcz levha)<\/td>\n<td>1000mm*800mm(1000mm;1200mm;1500mm)<\/td>\n<td>3<\/td>\n<td>1Board, 2 braket, tam set aksesuarlar<\/td>\n<\/tr>\n<tr>\n<td>\u00a0Merican Tente<\/td>\n<td>1200-S (D\u00fcz levha)<\/td>\n<td>1200mm*800mm(1000mm;1200mm;1500mm)<\/td>\n<td>3<\/td>\n<td>1Board, 2 braket, tam set aksesuarlar<\/td>\n<\/tr>\n<tr>\n<td>\u00a0Merican Tente<\/td>\n<td>15100-S (D\u00fcz levha)<\/td>\n<td>1500mm*800mm(1000mm;1200mm;1500mm)<\/td>\n<td>3<\/td>\n<td>1Board, 2 braket, tam set aksesuarlar<\/td>\n<\/tr>\n<\/tbody>\n<\/table>\n<p>\u00a0<\/p>\n<table border=\"1\">\n<tbody>\n<tr>\n<td colspan=\"6\">Pc \u0130\u00e7i bo\u015f tahta tente<\/td>\n<\/tr>\n<tr>\n<td>Hay\u0131r.<\/td>\n<td>Model<\/td>\n<td>Spesifikasyon (D*W)mm<\/td>\n<td>\n<p>Levha Kal\u0131nl\u0131\u011f\u0131<\/p>\n<p>(mm)<\/p>\n<\/td>\n<td>A\u00e7\u0131klama<\/td>\n<td>Ana g\u00f6vde malzemesi<\/td>\n<\/tr>\n<tr>\n<td>Merican Tente<\/td>\n<td>600-H (\u0130\u00e7i bo\u015f levha)<\/td>\n<td>600mm*600mm(800mm;1000mm;1200mm)<\/td>\n<td>6<\/td>\n<td>1Board, 2Brackets, tam set aksesuarlar<\/td>\n<td rowspan=\"5\">M\u00fchendislik Plaktik Braketleri<\/td>\n<\/tr>\n<tr>\n<td>Merican Tente<\/td>\n<td>800-H (\u0130\u00e7i bo\u015f levha)<\/td>\n<td>800mm*800mm(1000mm;1200mm;1500mm)<\/td>\n<td>6<\/td>\n<td>1Board, 2Brackets, tam set aksesuarlar<\/td>\n<\/tr>\n<tr>\n<td>Merican Tente<\/td>\n<td>1000-H (\u0130\u00e7i bo\u015f levha)<\/td>\n<td>1000mm*800mm(1000mm;1200mm;1500mm)<\/td>\n<td>6<\/td>\n<td>1Board, 2Brackets, tam set aksesuarlar<\/td>\n<\/tr>\n<tr>\n<td>Merican Tente<\/td>\n<td>1200-H (\u0130\u00e7i bo\u015f levha)<\/td>\n<td>1200mm*800mm(1000mm;1200mm;1500mm)<\/td>\n<td>6<\/td>\n<td>1Board, 2Brackets, tam set aksesuarlar<\/td>\n<\/tr>\n<tr>\n<td>Merican Tente<\/td>\n<td>1500-H (\u0130\u00e7i bo\u015f levha)<\/td>\n<td>1500mm*800mm(1000mm;1200mm;1500mm)<\/td>\n<td>6<\/td>\n<td>1Board, 2Brackets, tam set aksesuarlar<\/td>\n<\/tr>\n<\/tbody>\n<\/table>\n<\/div>\n<p>Beyaz Tente deste\u011fi\u00a0<br \/>1) rekabet\u00e7i fiyat\u00a0<br \/>2) endourable\u00a0<br \/><img decoding=\"async\" class=\"\" src=\"https:\/\/sc02.alicdn.com\/kf\/H9f08f5ed02234de4be18cc9d36d18cc91\/200162319\/H9f08f5ed02234de4be18cc9d36d18cc91.jpg\" alt=\"Y\u00fcksek Kaliteli Ya\u011fmur Korumas\u0131 Kanopi ya\u011fmur bar\u0131na\u011f\u0131 kanopileri polikarbonat \u015feffaf levha\" width=\"376\" height=\"376\" data-src=\"\/\/sc02.alicdn.com\/kf\/H9f08f5ed02234de4be18cc9d36d18cc91\/200162319\/H9f08f5ed02234de4be18cc9d36d18cc91.jpg\" data-alt=\"High Quality Rain Protect Canopy rain shelter canopies polycarbonate clear sheet\" data-width=\"630\" data- title=\"\"><img decoding=\"async\" class=\"\" src=\"https:\/\/sc02.alicdn.com\/kf\/Had0756212dc14f48b5c605d06ad52305b\/200162319\/Had0756212dc14f48b5c605d06ad52305b.jpg\" alt=\"Y\u00fcksek Kaliteli Ya\u011fmur Korumas\u0131 Kanopi ya\u011fmur bar\u0131na\u011f\u0131 kanopileri polikarbonat \u015feffaf levha\" width=\"377\" height=\"377\" data-src=\"\/\/sc02.alicdn.com\/kf\/Had0756212dc14f48b5c605d06ad52305b\/200162319\/Had0756212dc14f48b5c605d06ad52305b.jpg\" data-alt=\"High Quality Rain Protect Canopy rain shelter canopies polycarbonate clear sheet\" data-width=\"630\" data- title=\"\"><\/p>\n<div>\u00a0<\/div>\n<p><strong>Beyaz Tente deste\u011fi<\/strong><\/p>\n<p>*istek \u00fczerine \u00f6zelle\u015ftirilmi\u015f renkler ve boyutlar mevcuttur<\/p>\n<div>\n<p><strong>\u00dcr\u00fcn \u00d6zellikleri:<\/strong><\/p>\n<p>R\u00fczgar direnci, Darbe direnci, Ya\u015flanma kar\u015f\u0131t\u0131, Korozyon kar\u015f\u0131t\u0131, Ya\u011fmur suyuyla kendi kendini temizleme, G\u00fcr\u00fclt\u00fcy\u00fc azaltmak i\u00e7in b\u00fck\u00fclm\u00fc\u015f tasar\u0131m, UV filtreleme, 80% \u0131\u015f\u0131k ge\u00e7irgenli\u011fi.<\/p>\n<p>* Levha:PC toprak levha, PC g\u00fcne\u015f levha, Al\u00fcminyum-plastik levha, Reinous levha<\/p>\n<p>*Tente destek dokusu:ABS-PVC Kar\u0131\u015f\u0131m\u0131<\/p>\n<p>*Ba\u011flant\u0131 par\u00e7alar\u0131:H\/U profil<\/p>\n<p>*Aksesuarlar: genle\u015fme c\u0131vatas\u0131<\/p>\n<p>*Length:600mm,800mm,1000mm,1200mm<\/p>\n<p>*Tente desteklerini sonsuza kadar art\u0131r\u0131n ve montaj i\u00e7in serbest\u00e7e uzat\u0131n<\/p>\n<p>*Yenilik\u00e7i tente, geleneksel \u0131smarlama kaynakl\u0131 tentelerden tamamen ayr\u0131l\u0131r. *Ana yap\u0131s\u0131nda basit bir tente, bir kapak tahtas\u0131 ve kal\u0131planm\u0131\u015f braketlerden olu\u015fur.<\/p>\n<p>*Seri \u00fcretilen ve kat\u0131 tasar\u0131m standard\u0131na uygun olan tente, \u00fcst\u00fcn \u00fcr\u00fcn kalitesinde tutarl\u0131d\u0131r.<\/p>\n<p>*Tente, ana yap\u0131 bile\u015fenleri ve standart ba\u011flant\u0131 elemanlar\u0131 ile birlikte komple bir set halinde size g\u00f6nderilebilir.<\/p>\n<p>*Tente kendin yap sistemine haz\u0131rd\u0131r ve ev sahipleri taraf\u0131ndan kurulabilir. \u0130\u015f\u00e7ilik ve par\u00e7alardan olu\u015fan toplam maliyet, muhtemelen \u00f6zel yap\u0131m tentelerin yar\u0131s\u0131 kadar olabilir.<\/p>\n<p>\u00a0*Geli\u015fmi\u015f malzemelerden yap\u0131lm\u0131\u015f tente, yap\u0131s\u0131nda serttir ve \u015fiddetli r\u00fczgar f\u0131rt\u0131nas\u0131na dayanabilir.<\/p>\n<p>*Tente iyi in\u015fa edilmi\u015ftir, \u00e7\u00fcr\u00fcmeyi \u00f6nler ve darbeye dayan\u0131kl\u0131d\u0131r, Tente scoverboard'da r\u00fczgar\u0131n esmesi ve ya\u011fmurun d\u00fc\u015fmesinden kaynaklanan sesler b\u00fcy\u00fck \u00f6l\u00e7\u00fcde azal\u0131r.<br \/><img loading=\"lazy\" decoding=\"async\" class=\"\" src=\"https:\/\/sc02.alicdn.com\/kf\/HTB1JnbWkNuTBuNkHFNRq6A9qpXaz\/200162319\/HTB1JnbWkNuTBuNkHFNRq6A9qpXaz.jpg\" alt=\"Y\u00fcksek Kaliteli Ya\u011fmur Korumas\u0131 Kanopi ya\u011fmur bar\u0131na\u011f\u0131 kanopileri polikarbonat \u015feffaf levha\" width=\"395\" height=\"297\" data-src=\"\/\/sc02.alicdn.com\/kf\/HTB1JnbWkNuTBuNkHFNRq6A9qpXaz\/200162319\/HTB1JnbWkNuTBuNkHFNRq6A9qpXaz.jpg\" data-alt=\"High Quality Rain Protect Canopy rain shelter canopies polycarbonate clear sheet\" data-width=\"630\" data- title=\"\"><img loading=\"lazy\" decoding=\"async\" class=\"\" src=\"https:\/\/sc01.alicdn.com\/kf\/HTB1Om2YgCcqBKNjSZFgq6x_kXXaN\/200162319\/HTB1Om2YgCcqBKNjSZFgq6x_kXXaN.jpg\" alt=\"Y\u00fcksek Kaliteli Ya\u011fmur Korumas\u0131 Kanopi ya\u011fmur bar\u0131na\u011f\u0131 kanopileri polikarbonat \u015feffaf levha\" width=\"394\" height=\"296\" data-src=\"\/\/sc01.alicdn.com\/kf\/HTB1Om2YgCcqBKNjSZFgq6x_kXXaN\/200162319\/HTB1Om2YgCcqBKNjSZFgq6x_kXXaN.jpg\" data-alt=\"High Quality Rain Protect Canopy rain shelter canopies polycarbonate clear sheet\" data-width=\"630\" data- title=\"\"><\/p>\n<\/div>\n<div id=\"ali-anchor-AliPostDhMb-4ly65\" class=\"mceSectionContainer\" data-section=\"AliPostDhMb-4ly65\" data-section-title=\"Packaging &amp; Shipping\">\n<div id=\"ali-title-AliPostDhMb-4ly65\">Paketleme ve Nakliye<\/div>\n<div>\n<p>\u00a0<img decoding=\"async\" src=\"https:\/\/sc02.alicdn.com\/kf\/Hd05fdb0988024155a7956963ea5973acD\/200162319\/Hd05fdb0988024155a7956963ea5973acD.png\" alt=\"Y\u00fcksek Kaliteli Ya\u011fmur Korumas\u0131 Kanopi ya\u011fmur bar\u0131na\u011f\u0131 kanopileri polikarbonat \u015feffaf levha\" width=\"630\" height=\"474.58885941644564\" data-src=\"\/\/sc02.alicdn.com\/kf\/Hd05fdb0988024155a7956963ea5973acD\/200162319\/Hd05fdb0988024155a7956963ea5973acD.png\" data-alt=\"High Quality Rain Protect Canopy rain shelter canopies polycarbonate clear sheet\" data-width=\"630\" data- title=\"\"><\/p>\n<\/div>\n<\/div>","protected":false},"featured_media":15376,"parent":0,"template":"","product-catagories":[171],"product-tag":[],"class_list":["post-15381","product","type-product","status-publish","has-post-thumbnail","hentry","product-catagories-awning"],"acf":[],"_links":{"self":[{"href":"https:\/\/www.tononplastics.com\/tr\/wp-json\/wp\/v2\/product\/15381","targetHints":{"allow":["GET"]}}],"collection":[{"href":"https:\/\/www.tononplastics.com\/tr\/wp-json\/wp\/v2\/product"}],"about":[{"href":"https:\/\/www.tononplastics.com\/tr\/wp-json\/wp\/v2\/types\/product"}],"version-history":[{"count":0,"href":"https:\/\/www.tononplastics.com\/tr\/wp-json\/wp\/v2\/product\/15381\/revisions"}],"wp:featuredmedia":[{"embeddable":true,"href":"https:\/\/www.tononplastics.com\/tr\/wp-json\/wp\/v2\/media\/15376"}],"wp:attachment":[{"href":"https:\/\/www.tononplastics.com\/tr\/wp-json\/wp\/v2\/media?parent=15381"}],"wp:term":[{"taxonomy":"product-catagories","embeddable":true,"href":"https:\/\/www.tononplastics.com\/tr\/wp-json\/wp\/v2\/product-catagories?post=15381"},{"taxonomy":"product-tag","embeddable":true,"href":"https:\/\/www.tononplastics.com\/tr\/wp-json\/wp\/v2\/product-tag?post=15381"}],"curies":[{"name":"wp","href":"https:\/\/api.w.org\/{rel}","templated":true}]}}