{"id":15383,"date":"2023-08-23T23:52:10","date_gmt":"2023-08-23T15:52:10","guid":{"rendered":"https:\/\/tononplastics.com\/?post_type=product&#038;p=15383"},"modified":"2024-03-25T17:16:37","modified_gmt":"2024-03-25T09:16:37","slug":"diy-reliable-awning-for-balcony-roof-or-windows-awning","status":"publish","type":"product","link":"https:\/\/www.tononplastics.com\/tr\/product\/diy-reliable-awning-for-balcony-roof-or-windows-awning\/","title":{"rendered":"Balkon \u00e7at\u0131s\u0131 veya pencere tentesi i\u00e7in DIY g\u00fcvenilir tente"},"content":{"rendered":"<p align=\"left\"><strong style=\"color: initial;\">\u00dcr\u00fcn A\u00e7\u0131klamas\u0131<\/strong><\/p>\n<p align=\"left\">\u00a0 \u00a0Tente deste\u011fi g\u00fc\u00e7l\u00fc ve dayan\u0131kl\u0131d\u0131r. 4,5 kilograml\u0131k demir bilye darbesi ile belirgin bir yaralanma olmaz. 8-15 kat daha uzun \u00f6m\u00fcrl\u00fcd\u00fcr. K\u00f6t\u00fc hava ko\u015fullar\u0131nda test edilen merikan tente destekleri 20 y\u0131ldan fazla kullan\u0131labilir.<\/p>\n<p align=\"left\">\u00a0 \u00a0 Mevcut orijinal tente dokular\u0131 yeterince iyi de\u011fildir, tayfun direnci nedeniyle tehlikelidir. Kuma\u015f tente ve pleksiglas tente de tayfunlara kar\u015f\u0131 dayan\u0131kl\u0131 de\u011fildir, ancak Merican tente destekleri geli\u015fmi\u015f malzemelerden yap\u0131lm\u0131\u015ft\u0131r, bu nedenle Merican tente destekleri tayfunlara kar\u015f\u0131 dayan\u0131kl\u0131d\u0131r ve g\u00fcr\u00fclt\u00fcy\u00fc azalt\u0131r.<\/p>\n<p align=\"left\">\u00a0 \u00a0 \u00a0Tente kendin yap \u00f6zelli\u011fine sahiptir ve ev sahipleri taraf\u0131ndan kolayca kurulabilir, bu da maliyetten ve yerden tamamen tasarruf sa\u011flar.<\/p>\n<p align=\"left\">\u00a0<img decoding=\"async\" src=\"https:\/\/sc01.alicdn.com\/kf\/H145c9c7432d4497e82ab7af0f96fa1d5d\/200162319\/H145c9c7432d4497e82ab7af0f96fa1d5d.png\" alt=\"Balkon \u00e7at\u0131s\u0131 veya pencere tentesi i\u00e7in DIY g\u00fcvenilir tente\" width=\"630\" height=\"441.5308988764045\" data-src=\"\/\/sc01.alicdn.com\/kf\/H145c9c7432d4497e82ab7af0f96fa1d5d\/200162319\/H145c9c7432d4497e82ab7af0f96fa1d5d.png\" data-alt=\"DIY reliable awning for Balcony roof or Windows awning\" data-width=\"630\" data- title=\"\"><img decoding=\"async\" src=\"https:\/\/sc01.alicdn.com\/kf\/H2d98bb868b2d4385b8957b7b46c19741H\/200162319\/H2d98bb868b2d4385b8957b7b46c19741H.png\" alt=\"Balkon \u00e7at\u0131s\u0131 veya pencere tentesi i\u00e7in DIY g\u00fcvenilir tente\" width=\"630\" height=\"330.7038123167155\" data-src=\"\/\/sc01.alicdn.com\/kf\/H2d98bb868b2d4385b8957b7b46c19741H\/200162319\/H2d98bb868b2d4385b8957b7b46c19741H.png\" data-alt=\"DIY reliable awning for Balcony roof or Windows awning\" data-width=\"630\" data- title=\"\"><\/p>\n<div id=\"ali-anchor-AliPostDhMb-iaq4y\" data-section=\"AliPostDhMb-iaq4y\" data-section-title=\"Packaging &amp; Shipping\"><\/div>\n<table border=\"0\" cellspacing=\"0\" cellpadding=\"0\">\n<tbody>\n<tr>\n<td height=\"20\">SSS<\/td>\n<td><\/td>\n<td><\/td>\n<\/tr>\n<tr>\n<td colspan=\"3\" height=\"20\">1.S: Ticaret \u015firketi veya \u00fcretici misiniz?<\/td>\n<\/tr>\n<tr>\n<td colspan=\"3\" height=\"20\">A: Biz \u00fcreticiyiz.<\/td>\n<\/tr>\n<tr>\n<td colspan=\"3\" height=\"20\">2.S: Teslimat s\u00fcreniz ne kadar?<\/td>\n<\/tr>\n<tr>\n<td colspan=\"3\" height=\"20\">C: \u00dcr\u00fcn i\u015flemenin zorlu\u011funa ve miktar\u0131na g\u00f6re, size makul bir var\u0131\u015f s\u00fcresi verilecektir.<\/td>\n<\/tr>\n<tr>\n<td colspan=\"3\" height=\"20\">3. S: Numune sa\u011fl\u0131yor musunuz? \u00dccretsiz mi yoksa ekstra m\u0131?<\/td>\n<\/tr>\n<tr>\n<td colspan=\"3\" height=\"20\">C: Evet, numuneyi \u00fccretsiz olarak sunabiliriz, ancak navlun bedelini \u00f6demiyoruz.<\/td>\n<\/tr>\n<tr>\n<td colspan=\"3\" height=\"20\">4.S: Sat\u0131\u015f sonras\u0131 hizmetler nelerdir?<\/td>\n<\/tr>\n<tr>\n<td colspan=\"3\" height=\"20\">C: Kalite problemleri durumunda, paket 90 g\u00fcn i\u00e7inde de\u011fi\u015ftirilebilir.<\/td>\n<\/tr>\n<\/tbody>\n<\/table>\n<p align=\"left\">\u00a0<img decoding=\"async\" src=\"https:\/\/sc01.alicdn.com\/kf\/HTB1Zj.KsVmWBuNjSspdq6zugXXa2\/200162319\/HTB1Zj.KsVmWBuNjSspdq6zugXXa2.jpg\" alt=\"Balkon \u00e7at\u0131s\u0131 veya pencere tentesi i\u00e7in DIY g\u00fcvenilir tente\" width=\"630\" height=\"863.013698630137\" data-src=\"\/\/sc01.alicdn.com\/kf\/HTB1Zj.KsVmWBuNjSspdq6zugXXa2\/200162319\/HTB1Zj.KsVmWBuNjSspdq6zugXXa2.jpg\" data-alt=\"DIY reliable awning for Balcony roof or Windows awning\" data-width=\"630\" data- title=\"\"><\/p>","protected":false},"featured_media":16070,"parent":0,"template":"","product-catagories":[171],"product-tag":[],"class_list":["post-15383","product","type-product","status-publish","has-post-thumbnail","hentry","product-catagories-awning"],"acf":[],"_links":{"self":[{"href":"https:\/\/www.tononplastics.com\/tr\/wp-json\/wp\/v2\/product\/15383","targetHints":{"allow":["GET"]}}],"collection":[{"href":"https:\/\/www.tononplastics.com\/tr\/wp-json\/wp\/v2\/product"}],"about":[{"href":"https:\/\/www.tononplastics.com\/tr\/wp-json\/wp\/v2\/types\/product"}],"version-history":[{"count":0,"href":"https:\/\/www.tononplastics.com\/tr\/wp-json\/wp\/v2\/product\/15383\/revisions"}],"wp:featuredmedia":[{"embeddable":true,"href":"https:\/\/www.tononplastics.com\/tr\/wp-json\/wp\/v2\/media\/16070"}],"wp:attachment":[{"href":"https:\/\/www.tononplastics.com\/tr\/wp-json\/wp\/v2\/media?parent=15383"}],"wp:term":[{"taxonomy":"product-catagories","embeddable":true,"href":"https:\/\/www.tononplastics.com\/tr\/wp-json\/wp\/v2\/product-catagories?post=15383"},{"taxonomy":"product-tag","embeddable":true,"href":"https:\/\/www.tononplastics.com\/tr\/wp-json\/wp\/v2\/product-tag?post=15383"}],"curies":[{"name":"wp","href":"https:\/\/api.w.org\/{rel}","templated":true}]}}