{"id":15388,"date":"2023-08-23T23:54:40","date_gmt":"2023-08-23T15:54:40","guid":{"rendered":"https:\/\/tononplastics.com\/?post_type=product&#038;p=15388"},"modified":"2024-03-25T13:03:23","modified_gmt":"2024-03-25T05:03:23","slug":"polycarbonate-canopy-clear-pc-awning-600600mm-aluminum-canopy-bracket","status":"publish","type":"product","link":"https:\/\/www.tononplastics.com\/tr\/product\/polycarbonate-canopy-clear-pc-awning-600600mm-aluminum-canopy-bracket\/","title":{"rendered":"Polikarbonat kanopi \u015feffaf pc tente 600 * 600mm Al\u00fcminyum kanopi braketi"},"content":{"rendered":"<figure class=\"wp-block-gallery has-nested-images columns-default is-cropped wp-block-gallery-1 is-layout-flex wp-block-gallery-is-layout-flex\">\n<figure class=\"wp-block-image size-large\"><img fetchpriority=\"high\" decoding=\"async\" width=\"700\" height=\"700\" data-id=\"16070\" src=\"https:\/\/www.tononplastics.com\/wp-content\/uploads\/2024\/03\/f5914ee846c17af2eb989e2af1327d2b.png\" alt=\"\" class=\"wp-image-16070\" title=\"\" srcset=\"https:\/\/www.tononplastics.com\/wp-content\/uploads\/2024\/03\/f5914ee846c17af2eb989e2af1327d2b.png 700w, https:\/\/www.tononplastics.com\/wp-content\/uploads\/2024\/03\/f5914ee846c17af2eb989e2af1327d2b-300x300.png 300w, https:\/\/www.tononplastics.com\/wp-content\/uploads\/2024\/03\/f5914ee846c17af2eb989e2af1327d2b-150x150.png 150w, https:\/\/www.tononplastics.com\/wp-content\/uploads\/2024\/03\/f5914ee846c17af2eb989e2af1327d2b-12x12.png 12w\" sizes=\"(max-width: 700px) 100vw, 700px\" \/><\/figure>\n\n\n\n<figure class=\"wp-block-image size-large\"><img decoding=\"async\" width=\"712\" height=\"499\" data-id=\"15376\" src=\"https:\/\/www.tononplastics.com\/wp-content\/uploads\/2023\/08\/H145c9c7432d4497e82ab7af0f96fa1d5d.png\" alt=\"\" class=\"wp-image-15376\" title=\"\" srcset=\"https:\/\/www.tononplastics.com\/wp-content\/uploads\/2023\/08\/H145c9c7432d4497e82ab7af0f96fa1d5d.png 712w, https:\/\/www.tononplastics.com\/wp-content\/uploads\/2023\/08\/H145c9c7432d4497e82ab7af0f96fa1d5d-300x210.png 300w\" sizes=\"(max-width: 712px) 100vw, 712px\" \/><\/figure>\n<\/figure>\n\n\n<p>1. Yeni tasar\u0131m 100cm al\u00fcminyum ala\u015f\u0131m<br \/>2. Kolay montaj ve kurulum<br \/>3. Hava ko\u015fullar\u0131na dayan\u0131kl\u0131<br \/>4. D\u00fc\u015f\u00fck bak\u0131m gerektiren<\/p>\n<div>\n<p><strong>polikarbonat Al\u00fcminyum g\u00f6lgelik\/tente<\/strong><br \/>1. 1000X1200mm<br \/>2. 2010Y\u0131l\u0131 Yeni ve \u00f6zg\u00fcn tasar\u0131m<br \/>3,20 y\u0131l garantili<br \/>4. Basit\u00e7e kuruldu<\/p>\n<p>\u00a0\u00a0\u00a0\u00a0 Bug\u00fcnlerde piyasadaki tente malzemesi, \u00f6zellikle k\u00f6t\u00fc hava ko\u015fullar\u0131nda hala \u00e7ok iyi de\u011fil.  Kuma\u015f kaplamal\u0131 tente \u015fiddetli r\u00fczgara kar\u015f\u0131 koyamazken, akrilik kolayca k\u0131r\u0131labilir. Ancak en g\u00fc\u00e7l\u00fc paslanmaz tente ya\u011fmur ya\u011fd\u0131\u011f\u0131nda b\u00fcy\u00fck ses \u00e7\u0131kar\u0131r.<\/p>\n<p>\u00a0\u00a0\u00a0\u00a0\u00a0\u00a0\u00a0\u00a0\u00a0\u00a0\u00a0\u00a0\u00a0\u00a0 polikarbonat tente bu sorunu m\u00fckemmel bir \u015fekilde \u00e7\u00f6zebilir. Esnek ala\u015f\u0131ml\u0131 plastik braket ve polikarbonat levha ile monte edilir. Bu yeni tasar\u0131m basittir, ancak standart olmayan tente ve kaynak \u00e7elik \u00e7er\u00e7eveyi \u00f6zelle\u015ftirmenin geleneksel yolunu de\u011fi\u015ftirir.\u00a0<\/p>\n<p>\u00a0\u00a0\u00a0\u00a0\u00a0\u00a0\u00a0\u00a0\u00a0\u00a0\u00a0\u00a0\u00a0\u00a0Polikarbonat tente yeni tasar\u0131m, g\u00fc\u00e7l\u00fc ve dayan\u0131kl\u0131d\u0131r.  G\u00fcne\u015ften ve f\u0131rt\u0131nadan korumak i\u00e7in kap\u0131, pencere, klima, ATM, posta kutusu d\u0131\u015f mekan vb. \u00fczerine monte edilebilir. Montaj par\u00e7alar\u0131n\u0131n tamam\u0131 sabit kalitede makineler taraf\u0131ndan \u00fcretilen miktardad\u0131r. Bozulmazl\u0131\u011f\u0131, 4,5 kg'l\u0131k bir \u00e7elik bilyenin \u00e7arpmas\u0131yla test edilebilir ve ya\u015flanma kar\u015f\u0131t\u0131, normal tente olarak 8-15 kez a\u00e7\u0131k havada kullan\u0131lan 15 y\u0131ll\u0131k \u00f6mr\u00fc g\u00f6steren h\u0131zland\u0131r\u0131lm\u0131\u015f ya\u015flanma testi ile test edilebilir. Ayr\u0131ca, UV korumal\u0131d\u0131r ve 12 tayfununa kar\u015f\u0131 dayan\u0131kl\u0131d\u0131r.  Bu seri patent korumal\u0131d\u0131r ve s\u00fcrekli kalite garantilidir.<\/p>\n<p>\u00a0\u00a0\u00a0\u00a0\u00a0\u00a0\u00a0\u00a0\u00a0\u00a0\u00a0\u00a0Polikarbonat tente miktar olarak \u00fcretilir ve kalite garantilidir.  Kolayca kurulur ve gayrimenkul geli\u015ftiricisi ve m\u00fclk y\u00f6netim \u015firketi i\u00e7in tente \u00e7\u00f6z\u00fcm\u00fc i\u00e7in en iyi se\u00e7imdir.  Geleneksel \u00e7elik tente yapmak i\u00e7in at\u00f6lye ve i\u015f\u00e7i gerekli de\u011fildir, b\u00f6ylece maliyet azal\u0131r.<\/p>\n<p>\u00a0<img decoding=\"async\" src=\"https:\/\/sc01.alicdn.com\/kf\/H099167a0f65f4900bf63ad604b9e13e7V\/200162319\/H099167a0f65f4900bf63ad604b9e13e7V.jpg\" alt=\"Polikarbonat kanopi \u015feffaf pc tente 600 * 600mm Al\u00fcminyum kanopi braketi\" width=\"630\" height=\"630\" data-src=\"\/\/sc01.alicdn.com\/kf\/H099167a0f65f4900bf63ad604b9e13e7V\/200162319\/H099167a0f65f4900bf63ad604b9e13e7V.jpg\" data-alt=\"Polycarbonate canopy clear pc awning 600*600mm Aluminum canopy bracket\" data-width=\"630\" data- title=\"\"><img decoding=\"async\" src=\"https:\/\/sc02.alicdn.com\/kf\/HTB1c_rWJVXXXXXfXXXXq6xXFXXX4\/200162319\/HTB1c_rWJVXXXXXfXXXXq6xXFXXX4.jpg\" alt=\"Polikarbonat kanopi \u015feffaf pc tente 600 * 600mm Al\u00fcminyum kanopi braketi\" width=\"630\" height=\"436.9893899204244\" data-src=\"\/\/sc02.alicdn.com\/kf\/HTB1c_rWJVXXXXXfXXXXq6xXFXXX4\/200162319\/HTB1c_rWJVXXXXXfXXXXq6xXFXXX4.jpg\" data-alt=\"Polycarbonate canopy clear pc awning 600*600mm Aluminum canopy bracket\" data-width=\"630\" data- title=\"\"><img decoding=\"async\" src=\"https:\/\/sc02.alicdn.com\/kf\/Hab2ac95f2ca34cec9459c4b7915aac1ef\/200162319\/Hab2ac95f2ca34cec9459c4b7915aac1ef.png\" alt=\"Polikarbonat kanopi \u015feffaf pc tente 600 * 600mm Al\u00fcminyum kanopi braketi\" width=\"630\" height=\"507.27272727272725\" data-src=\"\/\/sc02.alicdn.com\/kf\/Hab2ac95f2ca34cec9459c4b7915aac1ef\/200162319\/Hab2ac95f2ca34cec9459c4b7915aac1ef.png\" data-alt=\"Polycarbonate canopy clear pc awning 600*600mm Aluminum canopy bracket\" data-width=\"630\" data- title=\"\"><img decoding=\"async\" src=\"https:\/\/sc01.alicdn.com\/kf\/H9272fa42caf843959a9af6e8f6554a49Z\/200162319\/H9272fa42caf843959a9af6e8f6554a49Z.jpg\" alt=\"Polikarbonat kanopi \u015feffaf pc tente 600 * 600mm Al\u00fcminyum kanopi braketi\" width=\"630\" height=\"420.21000000000004\" data-src=\"\/\/sc01.alicdn.com\/kf\/H9272fa42caf843959a9af6e8f6554a49Z\/200162319\/H9272fa42caf843959a9af6e8f6554a49Z.jpg\" data-alt=\"Polycarbonate canopy clear pc awning 600*600mm Aluminum canopy bracket\" data-width=\"630\" data- title=\"\"><img decoding=\"async\" src=\"https:\/\/sc01.alicdn.com\/kf\/H8ab2ccf15d5542e7a82269c541d00856p\/200162319\/H8ab2ccf15d5542e7a82269c541d00856p.jpg\" alt=\"Polikarbonat kanopi \u015feffaf pc tente 600 * 600mm Al\u00fcminyum kanopi braketi\" width=\"630\" height=\"420.21000000000004\" data-src=\"\/\/sc01.alicdn.com\/kf\/H8ab2ccf15d5542e7a82269c541d00856p\/200162319\/H8ab2ccf15d5542e7a82269c541d00856p.jpg\" data-alt=\"Polycarbonate canopy clear pc awning 600*600mm Aluminum canopy bracket\" data-width=\"630\" data- title=\"\"><\/p>\n<\/div>\n<div id=\"ali-anchor-AliPostDhMb-7du1m\" data-section=\"AliPostDhMb-7du1m\" data-section-title=\"Packaging &amp; Shipping\">\n<div id=\"ali-title-AliPostDhMb-7du1m\">Paketleme ve Nakliye<\/div>\n<div>\n<p>\u00a0<img decoding=\"async\" src=\"https:\/\/sc01.alicdn.com\/kf\/Hb3bdebb96a2849458ce6dfcbaa19c5d15\/200162319\/Hb3bdebb96a2849458ce6dfcbaa19c5d15.png\" alt=\"Polikarbonat kanopi \u015feffaf pc tente 600 * 600mm Al\u00fcminyum kanopi braketi\" width=\"630\" height=\"312.9083665338646\" data-src=\"\/\/sc01.alicdn.com\/kf\/Hb3bdebb96a2849458ce6dfcbaa19c5d15\/200162319\/Hb3bdebb96a2849458ce6dfcbaa19c5d15.png\" data-alt=\"Polycarbonate canopy clear pc awning 600*600mm Aluminum canopy bracket\" data-width=\"630\" data- title=\"\"><img decoding=\"async\" src=\"https:\/\/sc02.alicdn.com\/kf\/Hd05fdb0988024155a7956963ea5973acD\/200162319\/Hd05fdb0988024155a7956963ea5973acD.png\" alt=\"Polikarbonat kanopi \u015feffaf pc tente 600 * 600mm Al\u00fcminyum kanopi braketi\" width=\"630\" height=\"474.58885941644564\" data-src=\"\/\/sc02.alicdn.com\/kf\/Hd05fdb0988024155a7956963ea5973acD\/200162319\/Hd05fdb0988024155a7956963ea5973acD.png\" data-alt=\"Polycarbonate canopy clear pc awning 600*600mm Aluminum canopy bracket\" data-width=\"630\" data- title=\"\"><img decoding=\"async\" src=\"https:\/\/sc02.alicdn.com\/kf\/H02a52324dc024cdcbaee8c550d0c5b3cR\/200162319\/H02a52324dc024cdcbaee8c550d0c5b3cR.png\" alt=\"Polikarbonat kanopi \u015feffaf pc tente 600 * 600mm Al\u00fcminyum kanopi braketi\" width=\"630\" height=\"214.7347480106101\" data-src=\"\/\/sc02.alicdn.com\/kf\/H02a52324dc024cdcbaee8c550d0c5b3cR\/200162319\/H02a52324dc024cdcbaee8c550d0c5b3cR.png\" data-alt=\"Polycarbonate canopy clear pc awning 600*600mm Aluminum canopy bracket\" data-width=\"630\" data- title=\"\"><\/p>\n<\/div>\n<\/div>","protected":false},"featured_media":14364,"parent":0,"template":"","product-catagories":[171],"product-tag":[],"class_list":["post-15388","product","type-product","status-publish","has-post-thumbnail","hentry","product-catagories-awning"],"acf":[],"_links":{"self":[{"href":"https:\/\/www.tononplastics.com\/tr\/wp-json\/wp\/v2\/product\/15388","targetHints":{"allow":["GET"]}}],"collection":[{"href":"https:\/\/www.tononplastics.com\/tr\/wp-json\/wp\/v2\/product"}],"about":[{"href":"https:\/\/www.tononplastics.com\/tr\/wp-json\/wp\/v2\/types\/product"}],"version-history":[{"count":0,"href":"https:\/\/www.tononplastics.com\/tr\/wp-json\/wp\/v2\/product\/15388\/revisions"}],"wp:featuredmedia":[{"embeddable":true,"href":"https:\/\/www.tononplastics.com\/tr\/wp-json\/wp\/v2\/media\/14364"}],"wp:attachment":[{"href":"https:\/\/www.tononplastics.com\/tr\/wp-json\/wp\/v2\/media?parent=15388"}],"wp:term":[{"taxonomy":"product-catagories","embeddable":true,"href":"https:\/\/www.tononplastics.com\/tr\/wp-json\/wp\/v2\/product-catagories?post=15388"},{"taxonomy":"product-tag","embeddable":true,"href":"https:\/\/www.tononplastics.com\/tr\/wp-json\/wp\/v2\/product-tag?post=15388"}],"curies":[{"name":"wp","href":"https:\/\/api.w.org\/{rel}","templated":true}]}}