{"id":15390,"date":"2023-08-23T23:55:39","date_gmt":"2023-08-23T15:55:39","guid":{"rendered":"https:\/\/tononplastics.com\/?post_type=product&#038;p=15390"},"modified":"2024-03-25T13:08:22","modified_gmt":"2024-03-25T05:08:22","slug":"polycarbonate-awning-roof-canopy-diy-awning-door-aanopy-window-awning-canopy","status":"publish","type":"product","link":"https:\/\/www.tononplastics.com\/tr\/product\/polycarbonate-awning-roof-canopy-diy-awning-door-aanopy-window-awning-canopy\/","title":{"rendered":"Polikarbonat Tente \u00e7at\u0131 Kanopi DIY Tente Kap\u0131 Aanopy Pencere Tente Kanopi"},"content":{"rendered":"<p><strong>\u00dcr\u00fcn \u00f6zellikleri<\/strong><br \/>\nR\u00fczgar direnci, Darbe direnci, Anti-aging, Anti-korozyon, Ya\u011fmur suyu ile kendi kendini temizleme<br \/>\nG\u00fcr\u00fclt\u00fcy\u00fc azaltmak i\u00e7in b\u00fck\u00fclm\u00fc\u015f tasar\u0131m, UV filtreleme, 80% \u0131\u015f\u0131k ge\u00e7irgenli\u011fi<br \/>\nLevha:PC kat\u0131 levha, PC g\u00fcne\u015f levhas\u0131<br \/>\nTente destek malzemesi:D\u00f6kme al\u00fcminyum<br \/>\nBa\u011flant\u0131 par\u00e7alar\u0131: Al\u00fcminyum profil<br \/>\nAksesuarlar:genle\u015fme c\u0131vatas\u0131<br \/>\n<strong>Dimension:600mm,800mm,1000mm,1200mm<\/strong><\/p>\n<p><strong>\u00d6zellikler:<\/strong><\/p>\n<table class=\"aliDataTable\" style=\"height: 628px;\" width=\"810\">\n<tbody>\n<tr align=\"left\">\n<td valign=\"top\">\n<p>Hay\u0131r.<\/td>\n<td align=\"center\" valign=\"top\">\n<p>Model<\/td>\n<td valign=\"top\">\n<p>Spes.(w*D)mm<\/td>\n<\/tr>\n<tr align=\"left\">\n<td rowspan=\"5\" valign=\"top\">\n<p>Merican Tente<\/td>\n<td align=\"center\" valign=\"top\">\n<p>600<\/td>\n<td valign=\"top\">\n<p>600*600, 600*800, 600*1000<\/td>\n<\/tr>\n<tr align=\"left\">\n<td align=\"center\" valign=\"top\">\n<p>800<\/td>\n<td valign=\"top\">\n<p>800*800 ,800*1000, 800*1200<\/td>\n<\/tr>\n<tr align=\"left\">\n<td align=\"center\" valign=\"top\">\n<p>1000<\/td>\n<td valign=\"top\">\n<p>1000*1000 ,1000*1200,1000*1500<\/td>\n<\/tr>\n<tr align=\"left\">\n<td align=\"center\" valign=\"top\">\n<p>1200<\/td>\n<td valign=\"top\">\n<p>1200*1200 ,1200*1000,,1200*1500<\/td>\n<\/tr>\n<tr align=\"left\">\n<td align=\"center\" valign=\"top\">\n<p>1500<\/td>\n<td valign=\"top\">\n<p>1500*1000 ,1500*1200<\/td>\n<\/tr>\n<\/tbody>\n<\/table>\n<div><strong>Levha Levha tipi:<\/strong> Polikarboant kat\u0131 levha, polikarbonat i\u00e7i bo\u015f levha<\/div>\n<div><strong>Braket malzemesi:<\/strong> PP veya Al\u00fcminyum<\/div>\n<div><strong>Ba\u011flan\u0131yorum:<\/strong> Al\u00fcminyum Profil<\/div>\n<div><strong>Aksesuarlar:<\/strong>C\u0131vata paslanmaz \u00e7elik malzemedir<\/div>\n<div><\/div>\n<div><img fetchpriority=\"high\" decoding=\"async\" src=\"https:\/\/sc02.alicdn.com\/kf\/HTB1c_rWJVXXXXXfXXXXq6xXFXXX4\/200162319\/HTB1c_rWJVXXXXXfXXXXq6xXFXXX4.jpg\" alt=\"Polikarbonat Tente \u00e7at\u0131 Kanopi DIY Tente Kap\u0131 Aanopy Pencere Tente Kanopi\" width=\"630\" height=\"437\" data-src=\"\/\/sc02.alicdn.com\/kf\/HTB1c_rWJVXXXXXfXXXXq6xXFXXX4\/200162319\/HTB1c_rWJVXXXXXfXXXXq6xXFXXX4.jpg\" data-alt=\"Polycarbonate Awning roof Canopy DIY Awning Door Aanopy Window Awning Canopy\" data-width=\"630\" data-height=\"437\" data- title=\"\"><\/div>\n<div><img decoding=\"async\" src=\"https:\/\/sc02.alicdn.com\/kf\/HTB1xO6PJVXXXXXQXpXXq6xXFXXXE\/200162319\/HTB1xO6PJVXXXXXQXpXXq6xXFXXXE.jpg\" alt=\"Polikarbonat Tente \u00e7at\u0131 Kanopi DIY Tente Kap\u0131 Aanopy Pencere Tente Kanopi\" width=\"630\" height=\"763.5600000000001\" data-src=\"\/\/sc02.alicdn.com\/kf\/HTB1xO6PJVXXXXXQXpXXq6xXFXXXE\/200162319\/HTB1xO6PJVXXXXXQXpXXq6xXFXXXE.jpg\" data-alt=\"Polycarbonate Awning roof Canopy DIY Awning Door Aanopy Window Awning Canopy\" data-width=\"630\" data- title=\"\"><\/div>\n<div>\n<p><img decoding=\"async\" src=\"https:\/\/sc01.alicdn.com\/kf\/H2f4db787a3b343c8b287bd745f006630r\/200162319\/H2f4db787a3b343c8b287bd745f006630r.png\" alt=\"Polikarbonat Tente \u00e7at\u0131 Kanopi DIY Tente Kap\u0131 Aanopy Pencere Tente Kanopi\" width=\"630\" height=\"362.2162740899357\" data-src=\"\/\/sc01.alicdn.com\/kf\/H2f4db787a3b343c8b287bd745f006630r\/200162319\/H2f4db787a3b343c8b287bd745f006630r.png\" data-alt=\"Polycarbonate Awning roof Canopy DIY Awning Door Aanopy Window Awning Canopy\" data-width=\"630\" data- title=\"\"><\/p>\n<p><strong style=\"color: initial;\">Paketleme ve Nakliye<\/strong><\/p>\n<\/div>\n<div id=\"ali-anchor-AliPostDhMb-1bdoq\" data-section=\"AliPostDhMb-1bdoq\" data-section-title=\"Packaging &amp; Shipping\">\n<div>\n<p>\u00a0<img decoding=\"async\" src=\"https:\/\/sc01.alicdn.com\/kf\/Hb3bdebb96a2849458ce6dfcbaa19c5d15\/200162319\/Hb3bdebb96a2849458ce6dfcbaa19c5d15.png\" alt=\"Polikarbonat Tente \u00e7at\u0131 Kanopi DIY Tente Kap\u0131 Aanopy Pencere Tente Kanopi\" width=\"630\" height=\"312.9083665338646\" data-src=\"\/\/sc01.alicdn.com\/kf\/Hb3bdebb96a2849458ce6dfcbaa19c5d15\/200162319\/Hb3bdebb96a2849458ce6dfcbaa19c5d15.png\" data-alt=\"Polycarbonate Awning roof Canopy DIY Awning Door Aanopy Window Awning Canopy\" data-width=\"630\" data- title=\"\"><img decoding=\"async\" src=\"https:\/\/sc02.alicdn.com\/kf\/Hd05fdb0988024155a7956963ea5973acD\/200162319\/Hd05fdb0988024155a7956963ea5973acD.png\" alt=\"Polikarbonat Tente \u00e7at\u0131 Kanopi DIY Tente Kap\u0131 Aanopy Pencere Tente Kanopi\" width=\"630\" height=\"474.58885941644564\" data-src=\"\/\/sc02.alicdn.com\/kf\/Hd05fdb0988024155a7956963ea5973acD\/200162319\/Hd05fdb0988024155a7956963ea5973acD.png\" data-alt=\"Polycarbonate Awning roof Canopy DIY Awning Door Aanopy Window Awning Canopy\" data-width=\"630\" data- title=\"\"><img decoding=\"async\" src=\"https:\/\/sc02.alicdn.com\/kf\/H02a52324dc024cdcbaee8c550d0c5b3cR\/200162319\/H02a52324dc024cdcbaee8c550d0c5b3cR.png\" alt=\"Polikarbonat Tente \u00e7at\u0131 Kanopi DIY Tente Kap\u0131 Aanopy Pencere Tente Kanopi\" width=\"630\" height=\"214.7347480106101\" data-src=\"\/\/sc02.alicdn.com\/kf\/H02a52324dc024cdcbaee8c550d0c5b3cR\/200162319\/H02a52324dc024cdcbaee8c550d0c5b3cR.png\" data-alt=\"Polycarbonate Awning roof Canopy DIY Awning Door Aanopy Window Awning Canopy\" data-width=\"630\" data- title=\"\"><\/p>\n<\/div>\n<\/div>","protected":false},"featured_media":15376,"parent":0,"template":"","product-catagories":[171],"product-tag":[],"class_list":["post-15390","product","type-product","status-publish","has-post-thumbnail","hentry","product-catagories-awning"],"acf":[],"_links":{"self":[{"href":"https:\/\/www.tononplastics.com\/tr\/wp-json\/wp\/v2\/product\/15390","targetHints":{"allow":["GET"]}}],"collection":[{"href":"https:\/\/www.tononplastics.com\/tr\/wp-json\/wp\/v2\/product"}],"about":[{"href":"https:\/\/www.tononplastics.com\/tr\/wp-json\/wp\/v2\/types\/product"}],"version-history":[{"count":0,"href":"https:\/\/www.tononplastics.com\/tr\/wp-json\/wp\/v2\/product\/15390\/revisions"}],"wp:featuredmedia":[{"embeddable":true,"href":"https:\/\/www.tononplastics.com\/tr\/wp-json\/wp\/v2\/media\/15376"}],"wp:attachment":[{"href":"https:\/\/www.tononplastics.com\/tr\/wp-json\/wp\/v2\/media?parent=15390"}],"wp:term":[{"taxonomy":"product-catagories","embeddable":true,"href":"https:\/\/www.tononplastics.com\/tr\/wp-json\/wp\/v2\/product-catagories?post=15390"},{"taxonomy":"product-tag","embeddable":true,"href":"https:\/\/www.tononplastics.com\/tr\/wp-json\/wp\/v2\/product-tag?post=15390"}],"curies":[{"name":"wp","href":"https:\/\/api.w.org\/{rel}","templated":true}]}}