{"id":15394,"date":"2023-08-24T00:01:21","date_gmt":"2023-08-23T16:01:21","guid":{"rendered":"https:\/\/tononplastics.com\/?post_type=product&#038;p=15394"},"modified":"2024-04-22T09:03:42","modified_gmt":"2024-04-22T01:03:42","slug":"songlang-polycarbonate-profile-h","status":"publish","type":"product","link":"https:\/\/www.tononplastics.com\/tr\/product\/songlang-polycarbonate-profile-h\/","title":{"rendered":"Polikarbonat Profil H"},"content":{"rendered":"<figure class=\"wp-block-gallery has-nested-images columns-default is-cropped wp-block-gallery-1 is-layout-flex wp-block-gallery-is-layout-flex\">\n<figure class=\"wp-block-image size-large\"><img fetchpriority=\"high\" decoding=\"async\" width=\"800\" height=\"800\" data-id=\"13968\" src=\"https:\/\/www.tononplastics.com\/wp-content\/uploads\/2023\/05\/polycarbonate-redge-cap.jpg\" alt=\"\" class=\"wp-image-13968\" title=\"\" srcset=\"https:\/\/www.tononplastics.com\/wp-content\/uploads\/2023\/05\/polycarbonate-redge-cap.jpg 800w, https:\/\/www.tononplastics.com\/wp-content\/uploads\/2023\/05\/polycarbonate-redge-cap-300x300.jpg 300w, https:\/\/www.tononplastics.com\/wp-content\/uploads\/2023\/05\/polycarbonate-redge-cap-150x150.jpg 150w, https:\/\/www.tononplastics.com\/wp-content\/uploads\/2023\/05\/polycarbonate-redge-cap-768x768.jpg 768w\" sizes=\"(max-width: 800px) 100vw, 800px\" \/><\/figure>\n\n\n\n<figure class=\"wp-block-image size-large\"><img decoding=\"async\" width=\"800\" height=\"800\" data-id=\"13745\" src=\"https:\/\/www.tononplastics.com\/wp-content\/uploads\/2023\/05\/transparent-roofing-sheet.jpg\" alt=\"\" class=\"wp-image-13745\" title=\"\" srcset=\"https:\/\/www.tononplastics.com\/wp-content\/uploads\/2023\/05\/transparent-roofing-sheet.jpg 800w, https:\/\/www.tononplastics.com\/wp-content\/uploads\/2023\/05\/transparent-roofing-sheet-300x300.jpg 300w, https:\/\/www.tononplastics.com\/wp-content\/uploads\/2023\/05\/transparent-roofing-sheet-150x150.jpg 150w, https:\/\/www.tononplastics.com\/wp-content\/uploads\/2023\/05\/transparent-roofing-sheet-768x768.jpg 768w\" sizes=\"(max-width: 800px) 100vw, 800px\" \/><\/figure>\n<\/figure>\n\n\n\n<p>G\u00fcne\u015f \u0131\u015f\u0131\u011f\u0131nda katmanlama ile esas olarak plaka ve plaka ekleminde ve tahta ile tahta aras\u0131ndaki ba\u011flant\u0131 aras\u0131ndaki geni\u015f a\u00e7\u0131kl\u0131kta kullan\u0131l\u0131r.<br>Hem g\u00fczel hem de kolay. \u0130n\u015faat kurulumu ve kullan\u0131\u015fl\u0131, renk m\u00fchendislik kurulum sayfas\u0131 renk senkronizasyonuna g\u00f6re se\u00e7ilebilir,<\/p>\n\n\n\n<p><strong>Malzeme:<\/strong>\u00a0Alman Bayer Markolon polikarbonat\/Amerikan GE Lexan polikarbonat<br><strong>\u00d6zellikler:<\/strong>\u00a06 m\/a, miktar veya m\u00fc\u015fterilerin \u00f6zel ihtiya\u00e7lar\u0131na g\u00f6re uzunluk (nakliyeye izin verilen ko\u015fullarda).<\/p>\n\n\n\n<p>4 mm PC-H, PC-H'de 6 mm al\u0131r PC-H'de 8 mm al\u0131r PC-H'de 10 mm al\u0131r PC-H'de 12 mm ~ 20 mm \u00fc\u00e7 katmanl\u0131 tahta PC-H, PC g\u00fcne\u015f \u0131\u015f\u0131\u011f\u0131 panosunda U kenar\u0131 kar\u015f\u0131lar, esas olarak g\u00fcne\u015f u\u00e7lar\u0131nda kullan\u0131l\u0131r tahta s\u0131zd\u0131rmazl\u0131\u011f\u0131, toz, ya\u011fmur ve b\u00f6ceklerin tahta deli\u011fine girmesini \u00f6nler, tahta hizmet \u00f6mr\u00fcn\u00fc ve g\u00fczelli\u011fini etkiler!<\/p>\n\n\n\n<p>\u00a0<strong>Malzeme: <\/strong>Alman Bayer Markolon polikarbonat\/Amerikan GE Lexan polikarbonat<br><strong>\u00d6zellikler:<\/strong> 6 m\/a, miktar veya m\u00fc\u015fterilerin \u00f6zel ihtiya\u00e7lar\u0131na g\u00f6re uzunluk (nakliyeye izin verilen ko\u015fullarda). 4 mm ~ 6 mm PC-U kenar almak i\u00e7in 8 mm ila 10 mmPC-U kenar<\/p>\n\n\n\n<figure class=\"wp-block-image\"><img decoding=\"async\" src=\"https:\/\/sc02.alicdn.com\/kf\/H4a5e33e5f1034bce8dde77f9a90d1cd9q\/200162319\/H4a5e33e5f1034bce8dde77f9a90d1cd9q.png\" alt=\"Songlang polikarbonat profil H\" title=\"\"><\/figure>\n\n\n\n<figure class=\"wp-block-image\"><img decoding=\"async\" src=\"https:\/\/sc02.alicdn.com\/kf\/Hd05fdb0988024155a7956963ea5973acD\/200162319\/Hd05fdb0988024155a7956963ea5973acD.png\" alt=\"Songlang polikarbonat profil H\" title=\"\"><\/figure>\n\n\n\n<figure class=\"wp-block-image\"><img decoding=\"async\" src=\"https:\/\/sc02.alicdn.com\/kf\/H02a52324dc024cdcbaee8c550d0c5b3cR\/200162319\/H02a52324dc024cdcbaee8c550d0c5b3cR.png\" alt=\"Songlang polikarbonat profil H\" title=\"\"><\/figure>\n\n\n\n<div class=\"wp-block-columns is-layout-flex wp-container-core-columns-is-layout-28f84493 wp-block-columns-is-layout-flex\"><\/div>","protected":false},"featured_media":16747,"parent":0,"template":"","product-catagories":[174,172],"product-tag":[],"class_list":["post-15394","product","type-product","status-publish","has-post-thumbnail","hentry","product-catagories-polycarbonate-corrugated-sheet","product-catagories-polycarbonate-light-diffuse-sheet"],"acf":[],"_links":{"self":[{"href":"https:\/\/www.tononplastics.com\/tr\/wp-json\/wp\/v2\/product\/15394","targetHints":{"allow":["GET"]}}],"collection":[{"href":"https:\/\/www.tononplastics.com\/tr\/wp-json\/wp\/v2\/product"}],"about":[{"href":"https:\/\/www.tononplastics.com\/tr\/wp-json\/wp\/v2\/types\/product"}],"version-history":[{"count":0,"href":"https:\/\/www.tononplastics.com\/tr\/wp-json\/wp\/v2\/product\/15394\/revisions"}],"wp:featuredmedia":[{"embeddable":true,"href":"https:\/\/www.tononplastics.com\/tr\/wp-json\/wp\/v2\/media\/16747"}],"wp:attachment":[{"href":"https:\/\/www.tononplastics.com\/tr\/wp-json\/wp\/v2\/media?parent=15394"}],"wp:term":[{"taxonomy":"product-catagories","embeddable":true,"href":"https:\/\/www.tononplastics.com\/tr\/wp-json\/wp\/v2\/product-catagories?post=15394"},{"taxonomy":"product-tag","embeddable":true,"href":"https:\/\/www.tononplastics.com\/tr\/wp-json\/wp\/v2\/product-tag?post=15394"}],"curies":[{"name":"wp","href":"https:\/\/api.w.org\/{rel}","templated":true}]}}