{"id":15397,"date":"2023-01-22T11:01:23","date_gmt":"2023-01-22T03:01:23","guid":{"rendered":"https:\/\/tononplastics.com\/?post_type=product&#038;p=15397"},"modified":"2024-03-25T16:31:18","modified_gmt":"2024-03-25T08:31:18","slug":"colorful-polycarbonate-profile-h-for-polycarbonate-sheet-pc-profile-h","status":"publish","type":"product","link":"https:\/\/www.tononplastics.com\/tr\/product\/colorful-polycarbonate-profile-h-for-polycarbonate-sheet-pc-profile-h\/","title":{"rendered":"4-16mm polikarbonat aksesuar H ve U profili"},"content":{"rendered":"<p><strong>PC kart\u0131 H<\/strong> g\u00fcne\u015f \u0131\u015f\u0131\u011f\u0131nda katmanlama ile esas olarak plaka ve plaka ekleminde ve kullan\u0131m panosu aras\u0131ndaki geni\u015f a\u00e7\u0131kl\u0131kta kullan\u0131l\u0131r\u00a0<span style=\"font-size: revert; color: initial;\">ve tahta aras\u0131ndaki ba\u011flant\u0131y\u0131 sa\u011flar. Hem g\u00fczel hem de kolay, in\u015faat kurulumu ve kullan\u0131\u015fl\u0131,\u00a0<\/span><span style=\"font-size: revert; color: initial;\">renk, m\u00fchendislik kurulum sayfas\u0131 renk senkronizasyonuna g\u00f6re se\u00e7ilebilir.\u00a0<\/span><\/p>\n<p><strong>Malzeme:<\/strong>\u00a0Alman Bayer Markolon polikarbonat\/Amerikan GE Lexan<\/p>\n<p><img fetchpriority=\"high\" decoding=\"async\" class=\"\" src=\"https:\/\/sc02.alicdn.com\/kf\/Ha019b4cbc98f4e77838162ef3e28ca98z\/200162319\/Ha019b4cbc98f4e77838162ef3e28ca98z.jpg\" alt=\"Polikarbonat levha pc profili H i\u00e7in renkli polikarbonat profil H\" width=\"381\" height=\"381\" data-src=\"\/\/sc02.alicdn.com\/kf\/Ha019b4cbc98f4e77838162ef3e28ca98z\/200162319\/Ha019b4cbc98f4e77838162ef3e28ca98z.jpg\" data-alt=\"Colorful polycarbonate profile H for polycarbonate sheet pc  profile H\" data-width=\"600\" data- title=\"\"><img decoding=\"async\" class=\"\" src=\"https:\/\/sc01.alicdn.com\/kf\/H62e1d0749c0e47d8a7f0117ffaa51eear\/200162319\/H62e1d0749c0e47d8a7f0117ffaa51eear.jpg\" alt=\"Polikarbonat levha pc profili H i\u00e7in renkli polikarbonat profil H\" width=\"384\" height=\"384\" data-src=\"\/\/sc01.alicdn.com\/kf\/H62e1d0749c0e47d8a7f0117ffaa51eear\/200162319\/H62e1d0749c0e47d8a7f0117ffaa51eear.jpg\" data-alt=\"Colorful polycarbonate profile H for polycarbonate sheet pc  profile H\" data-width=\"600\" data- title=\"\"><\/p>\n<div id=\"ali-anchor-AliPostDhMb-n9vgt\" data-section=\"AliPostDhMb-n9vgt\" data-section-title=\"Product Description\">\n<div id=\"ali-title-AliPostDhMb-n9vgt\"><strong>\u00dcr\u00fcn A\u00e7\u0131klamas\u0131<\/strong><br \/>\n<span style=\"color: initial; font-size: revert;\">poli\u0307karbonat \u00f6zelli\u0307kleri\u0307: 6 m \/ a, miktar veya m\u00fc\u015fterilerin iste\u011fine g\u00f6re\u2019 <\/span><span style=\"font-size: revert; color: initial;\">\u00f6zel i\u0307hti\u0307ya\u00e7 uzunlu\u011fu (ula\u015fimda\u00a0<\/span><span style=\"font-size: revert; color: initial;\">izin verilen ko\u015fullar).\u00a0<\/span><\/div>\n<\/div>\n<p>4 mm PC-H alma 6 mm PC-H alma 8 mm PC-H alma 10 mm<\/p>\n<p>PC-H'de 12 mm x ~ 20 mm \u00fc\u00e7 katmanl\u0131 levha PC-H'de PC g\u00fcne\u015f \u0131\u015f\u0131\u011f\u0131 levhas\u0131 U kenar\u0131 kar\u015f\u0131lamak esas olarak g\u00fcne\u015f u\u00e7lar\u0131nda kullan\u0131l\u0131r<\/p>\n<p>Levha s\u0131zd\u0131rmazl\u0131\u011f\u0131, toz, ya\u011fmur ve b\u00f6ceklerin levha deli\u011fine girmesini \u00f6nler, tahtay\u0131 etkiler<\/p>\n<p>hizmet \u00f6mr\u00fc ve g\u00fczel!<\/p>\n<div id=\"ali-anchor-AliPostDhMb-fcokm\" data-section=\"AliPostDhMb-fcokm\" data-section-title=\"Company Information\">\n<div id=\"ali-title-AliPostDhMb-fcokm\"><strong>\u015eirket Bilgileri<\/strong><\/div>\n<div>\n<p>\u00a0<img decoding=\"async\" src=\"https:\/\/sc01.alicdn.com\/kf\/Hc6401cfcb4334b6db778c359d08238c0l\/200162319\/Hc6401cfcb4334b6db778c359d08238c0l.jpg\" alt=\"Polikarbonat levha pc profili H i\u00e7in renkli polikarbonat profil H\" width=\"630\" height=\"1226.3999999999999\" data-src=\"\/\/sc01.alicdn.com\/kf\/Hc6401cfcb4334b6db778c359d08238c0l\/200162319\/Hc6401cfcb4334b6db778c359d08238c0l.jpg\" data-alt=\"Colorful polycarbonate profile H for polycarbonate sheet pc  profile H\" data-width=\"630\" data- title=\"\"><img decoding=\"async\" src=\"https:\/\/sc01.alicdn.com\/kf\/H74247c1d61554ba2a775e9ce59244207e\/200162319\/H74247c1d61554ba2a775e9ce59244207e.jpg\" alt=\"Polikarbonat levha pc profili H i\u00e7in renkli polikarbonat profil H\" width=\"630\" height=\"509.04\" data-src=\"\/\/sc01.alicdn.com\/kf\/H74247c1d61554ba2a775e9ce59244207e\/200162319\/H74247c1d61554ba2a775e9ce59244207e.jpg\" data-alt=\"Colorful polycarbonate profile H for polycarbonate sheet pc  profile H\" data-width=\"630\" data- title=\"\"><img decoding=\"async\" src=\"https:\/\/sc02.alicdn.com\/kf\/Hd05fdb0988024155a7956963ea5973acD\/200162319\/Hd05fdb0988024155a7956963ea5973acD.png\" alt=\"Polikarbonat levha pc profili H i\u00e7in renkli polikarbonat profil H\" width=\"630\" height=\"474.58885941644564\" data-src=\"\/\/sc02.alicdn.com\/kf\/Hd05fdb0988024155a7956963ea5973acD\/200162319\/Hd05fdb0988024155a7956963ea5973acD.png\" data-alt=\"Colorful polycarbonate profile H for polycarbonate sheet pc  profile H\" data-width=\"630\" data- title=\"\"><img decoding=\"async\" src=\"https:\/\/sc02.alicdn.com\/kf\/H02a52324dc024cdcbaee8c550d0c5b3cR\/200162319\/H02a52324dc024cdcbaee8c550d0c5b3cR.png\" alt=\"Polikarbonat levha pc profili H i\u00e7in renkli polikarbonat profil H\" width=\"630\" height=\"214.7347480106101\" data-src=\"\/\/sc02.alicdn.com\/kf\/H02a52324dc024cdcbaee8c550d0c5b3cR\/200162319\/H02a52324dc024cdcbaee8c550d0c5b3cR.png\" data-alt=\"Colorful polycarbonate profile H for polycarbonate sheet pc  profile H\" data-width=\"630\" data- title=\"\"><img decoding=\"async\" src=\"https:\/\/sc02.alicdn.com\/kf\/H4a5e33e5f1034bce8dde77f9a90d1cd9q\/200162319\/H4a5e33e5f1034bce8dde77f9a90d1cd9q.png\" alt=\"Polikarbonat levha pc profili H i\u00e7in renkli polikarbonat profil H\" width=\"630\" height=\"586.3781624500665\" data-src=\"\/\/sc02.alicdn.com\/kf\/H4a5e33e5f1034bce8dde77f9a90d1cd9q\/200162319\/H4a5e33e5f1034bce8dde77f9a90d1cd9q.png\" data-alt=\"Colorful polycarbonate profile H for polycarbonate sheet pc  profile H\" data-width=\"630\" data- title=\"\"><\/p>\n<\/div>\n<\/div>","protected":false},"featured_media":15410,"parent":0,"template":"","product-catagories":[172],"product-tag":[],"class_list":["post-15397","product","type-product","status-publish","has-post-thumbnail","hentry","product-catagories-polycarbonate-light-diffuse-sheet"],"acf":[],"_links":{"self":[{"href":"https:\/\/www.tononplastics.com\/tr\/wp-json\/wp\/v2\/product\/15397","targetHints":{"allow":["GET"]}}],"collection":[{"href":"https:\/\/www.tononplastics.com\/tr\/wp-json\/wp\/v2\/product"}],"about":[{"href":"https:\/\/www.tononplastics.com\/tr\/wp-json\/wp\/v2\/types\/product"}],"version-history":[{"count":0,"href":"https:\/\/www.tononplastics.com\/tr\/wp-json\/wp\/v2\/product\/15397\/revisions"}],"wp:featuredmedia":[{"embeddable":true,"href":"https:\/\/www.tononplastics.com\/tr\/wp-json\/wp\/v2\/media\/15410"}],"wp:attachment":[{"href":"https:\/\/www.tononplastics.com\/tr\/wp-json\/wp\/v2\/media?parent=15397"}],"wp:term":[{"taxonomy":"product-catagories","embeddable":true,"href":"https:\/\/www.tononplastics.com\/tr\/wp-json\/wp\/v2\/product-catagories?post=15397"},{"taxonomy":"product-tag","embeddable":true,"href":"https:\/\/www.tononplastics.com\/tr\/wp-json\/wp\/v2\/product-tag?post=15397"}],"curies":[{"name":"wp","href":"https:\/\/api.w.org\/{rel}","templated":true}]}}