{"id":15398,"date":"2024-03-25T17:10:28","date_gmt":"2024-03-25T09:10:28","guid":{"rendered":"https:\/\/tononplastics.com\/?post_type=product&#038;p=15398"},"modified":"2024-03-25T17:12:10","modified_gmt":"2024-03-25T09:12:10","slug":"colorful-polycarbonate-profile-h-for-polycarbonate-sheet-pc-profile-h-2","status":"publish","type":"product","link":"https:\/\/www.tononplastics.com\/tr\/product\/colorful-polycarbonate-profile-h-for-polycarbonate-sheet-pc-profile-h-2\/","title":{"rendered":"Polikarbonat levha pc profili H i\u00e7in renkli polikarbonat profil H"},"content":{"rendered":"<p>PC Profilleri Bayer Makrolon re\u00e7inesinden yap\u0131lm\u0131\u015ft\u0131r. Sadece kurulumu h\u0131zl\u0131 ve kolay hale getirmekle kalmaz, ayn\u0131 zamanda tabakada delik a\u00e7arken tabakalar\u0131n k\u0131r\u0131lmas\u0131n\u0131 etkili bir \u015fekilde \u00f6nleyebilirler. Ek olarak, PC Profillerinin kullan\u0131lmas\u0131 su ge\u00e7irmezli\u011fi daha basit hale getirebilir.&nbsp;<br>\u00dcr\u00fcn \u00d6zellikleri:&nbsp;<br>1. Hafif a\u011f\u0131rl\u0131k&nbsp;<br>2. Fiziksel performansta PC sayfas\u0131 ile tutarl\u0131 olun&nbsp;<br>3. \u0130yi su ge\u00e7irmezlik performans\u0131&nbsp;<br>4. \u0130yi hava direnci ve UV korumas\u0131&nbsp;<br>5. Basit\u00e7e kuruldu&nbsp;<br>6. ISO9001:2000 taraf\u0131ndan sertifikaland\u0131r\u0131lm\u0131\u015ft\u0131r&nbsp;<br>7. 10 y\u0131l garanti&nbsp;<\/p>\n\n\n\n<figure class=\"wp-block-gallery has-nested-images columns-default is-cropped wp-block-gallery-1 is-layout-flex wp-block-gallery-is-layout-flex\">\n<figure class=\"wp-block-image size-large\"><img decoding=\"async\" data-id=\"15284\" src=\"https:\/\/www.tononplastics.com\/wp-content\/uploads\/2023\/08\/H24c6424deccc4e299e7a21e4fdb2c22bl.png\" alt=\"\" class=\"wp-image-15284\" title=\"\"><\/figure>\n\n\n\n<figure class=\"wp-block-image size-large\"><img decoding=\"async\" data-id=\"15282\" src=\"https:\/\/www.tononplastics.com\/wp-content\/uploads\/2023\/08\/H1cbb870bbc214fd782f8e4ea067b0f87t.png\" alt=\"\" class=\"wp-image-15282\" title=\"\"><\/figure>\n\n\n\n<figure class=\"wp-block-image size-large\"><img decoding=\"async\" data-id=\"15268\" src=\"https:\/\/www.tononplastics.com\/wp-content\/uploads\/2023\/08\/HTB1wYcHkS8YBeNkSnb4q6yevFXaH.jpg\" alt=\"\" class=\"wp-image-15268\" title=\"\"><\/figure>\n<\/figure>\n\n\n\n<h2 class=\"wp-block-heading\">Kullan\u0131m alanlar\u0131:<\/h2>\n\n\n\n<ul class=\"wp-block-list\">\n<li>Polikarbonat ba\u011flant\u0131 profili esas olarak seralar i\u00e7in \u00e7ok duvarl\u0131 polikarbonat levhalar ve \u00e7at\u0131lar i\u00e7in kat\u0131 aras\u0131nda bir ba\u011flant\u0131 olarak kullan\u0131l\u0131r<\/li>\n\n\n\n<li>polikarbonat kenar s\u0131zd\u0131rmazl\u0131\u011f\u0131<\/li>\n\n\n\n<li>kurulumu h\u0131zl\u0131 ve kolay bir \u015fekilde yapar<\/li>\n\n\n\n<li>kullan\u0131m kolayl\u0131\u011f\u0131 sa\u011flar&nbsp;<\/li>\n\n\n\n<li>tabakan\u0131n hareket etmesini \u00f6nleyin<br><\/li>\n\n\n\n<li><strong>MONOLITIK LEVHALARIN TEMEL \u00d6ZELLIKLERI<\/strong><\/li>\n\n\n\n<li>Monolitik levhalar, \u00e7e\u015fitli s\u0131cakl\u0131k ko\u015fullar\u0131 ve nem seviyeleri alt\u0131nda korunan fiziksel ve mekanik \u00f6zelliklerin m\u00fckemmel bir kombinasyonuna sahip bir malzemedir.<\/li>\n\n\n\n<li>\u00a0<\/li>\n\n\n\n<li>Polikarbonat levhalar geleneksel cam malzemeleri i\u00e7in ideal bir alternatiftir. G\u00fcvenli ve kesilmesi, montaj\u0131 ve kullan\u0131m\u0131 kolayd\u0131r, k\u0131r\u0131lmas\u0131 neredeyse imkans\u0131zd\u0131r. D\u00fc\u015f\u00fck \u00f6zg\u00fcl a\u011f\u0131rl\u0131klar\u0131 nedeniyle, polikarbonat levhalar, cam\u0131n kullan\u0131ld\u0131\u011f\u0131 yap\u0131ya k\u0131yasla destekleyici yap\u0131n\u0131n maliyetini \u00f6nemli \u00f6l\u00e7\u00fcde hafifletebilir ve azaltabilir, bu da nakliye, ta\u015f\u0131ma ve kurulum maliyetlerinde \u00f6nemli bir azalmaya katk\u0131da bulunur.<\/li>\n\n\n\n<li><strong>UV korumas\u0131<\/strong><\/li>\n\n\n\n<li>G\u00fcne\u015f radyasyonu polimerik malzemeler \u00fczerinde zararl\u0131 bir etkiye sahiptir, tahrip olmalar\u0131na ve malzemelerin y\u00fczey \u00e7atlamas\u0131na neden olur. Bu k\u00fc\u00e7\u00fck \u00e7atlaklar su, toz ve kimyasallar taraf\u0131ndan daha da b\u00fcy\u00fct\u00fcl\u00fcr.<\/li>\n\n\n\n<li>Bunun polikarbonat monolitik levhalar\u0131, hava ko\u015fullar\u0131na kar\u015f\u0131 m\u00fckemmel diren\u00e7 sa\u011flayan ultraviyole radyasyona kar\u015f\u0131 koruyucu bir tabaka uygulanm\u0131\u015f bir y\u00fczeye sahiptir.<\/li>\n\n\n\n<li><strong>Kemerli camlar<\/strong><\/li>\n\n\n\n<li>T\u00fcm monolitik polikarbonat levhalar, kavisli destekleyici cam profillerine so\u011fuk \u015fekillendirilir. Levhan\u0131n b\u00fck\u00fclme yar\u0131\u00e7ap\u0131n\u0131n \u00f6nerilen minimum de\u011ferden b\u00fcy\u00fck olmas\u0131 ko\u015fuluyla, so\u011fuk \u015fekillendirmeden kaynaklanan mekanik gerilim levhan\u0131n mekanik \u00f6zelliklerini etkilemeyecektir.<\/li>\n\n\n\n<li><strong>Levhalar\u0131n garantili hizmet \u00f6mr\u00fc 15 y\u0131ld\u0131r.<\/strong><\/li>\n<\/ul>","protected":false},"featured_media":16195,"parent":0,"template":"","product-catagories":[177],"product-tag":[],"class_list":["post-15398","product","type-product","status-publish","has-post-thumbnail","hentry","product-catagories-polycarbonate-solid-sheet"],"acf":[],"_links":{"self":[{"href":"https:\/\/www.tononplastics.com\/tr\/wp-json\/wp\/v2\/product\/15398","targetHints":{"allow":["GET"]}}],"collection":[{"href":"https:\/\/www.tononplastics.com\/tr\/wp-json\/wp\/v2\/product"}],"about":[{"href":"https:\/\/www.tononplastics.com\/tr\/wp-json\/wp\/v2\/types\/product"}],"version-history":[{"count":0,"href":"https:\/\/www.tononplastics.com\/tr\/wp-json\/wp\/v2\/product\/15398\/revisions"}],"wp:featuredmedia":[{"embeddable":true,"href":"https:\/\/www.tononplastics.com\/tr\/wp-json\/wp\/v2\/media\/16195"}],"wp:attachment":[{"href":"https:\/\/www.tononplastics.com\/tr\/wp-json\/wp\/v2\/media?parent=15398"}],"wp:term":[{"taxonomy":"product-catagories","embeddable":true,"href":"https:\/\/www.tononplastics.com\/tr\/wp-json\/wp\/v2\/product-catagories?post=15398"},{"taxonomy":"product-tag","embeddable":true,"href":"https:\/\/www.tononplastics.com\/tr\/wp-json\/wp\/v2\/product-tag?post=15398"}],"curies":[{"name":"wp","href":"https:\/\/api.w.org\/{rel}","templated":true}]}}