{"id":15407,"date":"2023-08-22T11:06:28","date_gmt":"2023-08-22T03:06:28","guid":{"rendered":"https:\/\/tononplastics.com\/?post_type=product&#038;p=15407"},"modified":"2024-03-25T16:58:25","modified_gmt":"2024-03-25T08:58:25","slug":"bathroom-partition-polycarbonate-grinding-sheet","status":"publish","type":"product","link":"https:\/\/www.tononplastics.com\/tr\/product\/bathroom-partition-polycarbonate-grinding-sheet\/","title":{"rendered":"Banyo b\u00f6lmesi-polikarbonat Ta\u015flama levhas\u0131"},"content":{"rendered":"<p>Teknik \u00f6zellikler:<\/p>\n<p>1, darbe dayan\u0131m\u0131: 850 J\/m<\/p>\n<p>2, \u00f6fotik oran: 90%<\/p>\n<p>3, gerilme mukavemeti: &gt; 60 N\/was<\/p>\n<p>4, e\u011filme dayan\u0131m\u0131: 100 N\/was<\/p>\n<p>5, termal deformasyon s\u0131cakl\u0131\u011f\u0131: 140 \u00b0C<\/p>\n<p>6, uzunlamas\u0131na e\u011filme dayan\u0131m\u0131: 112 MPa<\/p>\n<p>7 ve yanal e\u011filme dayan\u0131m\u0131: 107 MPa<\/p>\n<p>8, oksijen indeksi: 21%<\/p>\n<p><img fetchpriority=\"high\" decoding=\"async\" class=\"\" src=\"https:\/\/sc02.alicdn.com\/kf\/Hc7e08cb76a9a41b984ddcf4983f499c38\/200162319\/Hc7e08cb76a9a41b984ddcf4983f499c38.jpg\" alt=\"Banyo b\u00f6lmesi --- polikarbonat Ta\u015flama levhas\u0131\" width=\"378\" height=\"378\" data-src=\"\/\/sc02.alicdn.com\/kf\/Hc7e08cb76a9a41b984ddcf4983f499c38\/200162319\/Hc7e08cb76a9a41b984ddcf4983f499c38.jpg\" data-alt=\"Bathroom partition---polycarbonate Grinding sheet\" data-width=\"630\" data- title=\"\"><img decoding=\"async\" class=\"\" src=\"https:\/\/sc02.alicdn.com\/kf\/Hbdfc9ad4c729484daa1291b1050c2c2fx\/200162319\/Hbdfc9ad4c729484daa1291b1050c2c2fx.jpg\" alt=\"Banyo b\u00f6lmesi --- polikarbonat Ta\u015flama levhas\u0131\" width=\"428\" height=\"428\" data-src=\"\/\/sc02.alicdn.com\/kf\/Hbdfc9ad4c729484daa1291b1050c2c2fx\/200162319\/Hbdfc9ad4c729484daa1291b1050c2c2fx.jpg\" data-alt=\"Bathroom partition---polycarbonate Grinding sheet\" data-width=\"630\" data- title=\"\"><img decoding=\"async\" class=\"\" src=\"https:\/\/sc01.alicdn.com\/kf\/He8274ae2b415410ca5198fdb7cc29c56f\/200162319\/He8274ae2b415410ca5198fdb7cc29c56f.jpg\" alt=\"Banyo b\u00f6lmesi --- polikarbonat Ta\u015flama levhas\u0131\" width=\"367\" height=\"367\" data-src=\"\/\/sc01.alicdn.com\/kf\/He8274ae2b415410ca5198fdb7cc29c56f\/200162319\/He8274ae2b415410ca5198fdb7cc29c56f.jpg\" data-alt=\"Bathroom partition---polycarbonate Grinding sheet\" data-width=\"630\" data- title=\"\"><img loading=\"lazy\" decoding=\"async\" class=\"\" src=\"https:\/\/sc01.alicdn.com\/kf\/HTB1g6aWSFXXXXbQapXXq6xXFXXXu\/200162319\/HTB1g6aWSFXXXXbQapXXq6xXFXXXu.jpg\" alt=\"Banyo b\u00f6lmesi --- polikarbonat Ta\u015flama levhas\u0131\" width=\"471\" height=\"315\" data-src=\"\/\/sc01.alicdn.com\/kf\/HTB1g6aWSFXXXXbQapXXq6xXFXXXu\/200162319\/HTB1g6aWSFXXXXbQapXXq6xXFXXXu.jpg\" data-alt=\"Bathroom partition---polycarbonate Grinding sheet\" data-width=\"630\" data- title=\"\"><\/p>\n<p>(1) \u0131\u015f\u0131k ge\u00e7irgenli\u011fi iyi kalite: \u015feffaf PC kart\u0131 \u00f6forik oran\u0131 88%'ye kadar \u00e7\u0131kabilir<\/p>\n<p>(2) darbeye dayan\u0131kl\u0131: darbe mukavemeti yayg\u0131n cam 250-300 kat, ayn\u0131 kal\u0131nl\u0131kta akrilik levha 30 kat, 3 kg \u00e7eki\u00e7 kullan\u0131n a\u015fa\u011f\u0131daki iki metre d\u00fc\u015f\u00fc\u015f de yar\u0131k yok.<\/p>\n<p>(3) ultraviyole \u00f6nleme: \u00fcr\u00fcn y\u00fczeyi uv ko-ekstr\u00fczyon katman\u0131na sahiptir, ultraviyole \u0131\u015f\u0131n\u0131n\u0131 engelleyebilir ve de\u011ferli sanat eserlerini ve sergileri korumak i\u00e7in uygundur, uv hasar\u0131ndan korur.<\/p>\n<p>(4) hafif: cam oran\u0131n\u0131n sadece yar\u0131s\u0131 kadar, nakliye, bo\u015faltma, kurulum ve destek \u00e7er\u00e7evesi maliyetlerinden tasarruf sa\u011flar.<\/p>\n<p>(5) alev geciktirici: PC kart\u0131n\u0131n kendi parlama noktas\u0131 580 santigrat derecedir, yang\u0131n s\u00f6nd\u00fcr\u00fcld\u00fckten sonra yan\u0131klar zehirli gazlar \u00fcretmez, yang\u0131n\u0131n yay\u0131lmas\u0131n\u0131 te\u015fvik etmez.<\/p>\n<p>(6) cinsiyete g\u00f6re b\u00fck\u00fclebilir: so\u011fuk b\u00fckme modunda sahada tasar\u0131ma g\u00f6re.<\/p>\n<p><strong><span style=\"color: initial;\">\u015eirket Bilgileri<\/span><\/strong><\/p>\n<div id=\"ali-anchor-AliPostDhMb-lc90p\" data-section=\"AliPostDhMb-lc90p\" data-section-title=\"Company Information\">\n<div>\n<p><img decoding=\"async\" src=\"https:\/\/sc01.alicdn.com\/kf\/H74247c1d61554ba2a775e9ce59244207e\/200162319\/H74247c1d61554ba2a775e9ce59244207e.jpg\" alt=\"Banyo b\u00f6lmesi --- polikarbonat Ta\u015flama levhas\u0131\" width=\"630\" height=\"509.04\" data-src=\"\/\/sc01.alicdn.com\/kf\/H74247c1d61554ba2a775e9ce59244207e\/200162319\/H74247c1d61554ba2a775e9ce59244207e.jpg\" data-alt=\"Bathroom partition---polycarbonate Grinding sheet\" data-width=\"630\" data- title=\"\"><img decoding=\"async\" src=\"https:\/\/sc02.alicdn.com\/kf\/H02a52324dc024cdcbaee8c550d0c5b3cR\/200162319\/H02a52324dc024cdcbaee8c550d0c5b3cR.png\" alt=\"Banyo b\u00f6lmesi --- polikarbonat Ta\u015flama levhas\u0131\" width=\"630\" height=\"214.7347480106101\" data-src=\"\/\/sc02.alicdn.com\/kf\/H02a52324dc024cdcbaee8c550d0c5b3cR\/200162319\/H02a52324dc024cdcbaee8c550d0c5b3cR.png\" data-alt=\"Bathroom partition---polycarbonate Grinding sheet\" data-width=\"630\" data- title=\"\"><img decoding=\"async\" src=\"https:\/\/sc02.alicdn.com\/kf\/Hd05fdb0988024155a7956963ea5973acD\/200162319\/Hd05fdb0988024155a7956963ea5973acD.png\" alt=\"Banyo b\u00f6lmesi --- polikarbonat Ta\u015flama levhas\u0131\" width=\"630\" height=\"474.58885941644564\" data-src=\"\/\/sc02.alicdn.com\/kf\/Hd05fdb0988024155a7956963ea5973acD\/200162319\/Hd05fdb0988024155a7956963ea5973acD.png\" data-alt=\"Bathroom partition---polycarbonate Grinding sheet\" data-width=\"630\" data- title=\"\"><\/p>\n<\/div>\n<\/div>","protected":false},"featured_media":15412,"parent":0,"template":"","product-catagories":[170],"product-tag":[],"class_list":["post-15407","product","type-product","status-publish","has-post-thumbnail","hentry","product-catagories-polycarbonate-deep-processing"],"acf":[],"_links":{"self":[{"href":"https:\/\/www.tononplastics.com\/tr\/wp-json\/wp\/v2\/product\/15407","targetHints":{"allow":["GET"]}}],"collection":[{"href":"https:\/\/www.tononplastics.com\/tr\/wp-json\/wp\/v2\/product"}],"about":[{"href":"https:\/\/www.tononplastics.com\/tr\/wp-json\/wp\/v2\/types\/product"}],"version-history":[{"count":0,"href":"https:\/\/www.tononplastics.com\/tr\/wp-json\/wp\/v2\/product\/15407\/revisions"}],"wp:featuredmedia":[{"embeddable":true,"href":"https:\/\/www.tononplastics.com\/tr\/wp-json\/wp\/v2\/media\/15412"}],"wp:attachment":[{"href":"https:\/\/www.tononplastics.com\/tr\/wp-json\/wp\/v2\/media?parent=15407"}],"wp:term":[{"taxonomy":"product-catagories","embeddable":true,"href":"https:\/\/www.tononplastics.com\/tr\/wp-json\/wp\/v2\/product-catagories?post=15407"},{"taxonomy":"product-tag","embeddable":true,"href":"https:\/\/www.tononplastics.com\/tr\/wp-json\/wp\/v2\/product-tag?post=15407"}],"curies":[{"name":"wp","href":"https:\/\/api.w.org\/{rel}","templated":true}]}}