{"id":15408,"date":"2023-08-22T11:06:30","date_gmt":"2023-08-22T03:06:30","guid":{"rendered":"https:\/\/tononplastics.com\/?post_type=product&#038;p=15408"},"modified":"2024-03-25T16:18:55","modified_gmt":"2024-03-25T08:18:55","slug":"nature-clear-polycarbonate-joint-up-down-connector-h-clip-of-pc-sheet","status":"publish","type":"product","link":"https:\/\/www.tononplastics.com\/tr\/product\/nature-clear-polycarbonate-joint-up-down-connector-h-clip-of-pc-sheet\/","title":{"rendered":"Do\u011fa \u015feffaf polikarbonat ba\u011flant\u0131 yukar\u0131-a\u015fa\u011f\u0131 konekt\u00f6r PC levhas\u0131n\u0131n \u201cH\u201d klipsi"},"content":{"rendered":"<div id=\"ali-anchor-AliPostDhMb-c42xk\" data-section=\"AliPostDhMb-c42xk\" data-section-title=\"Product Description\">\n<div>\n<p><strong>\u00dcr\u00fcn Detaylar\u0131:<\/strong><\/p>\n<\/div>\n<\/div>\n<p>1). Is\u0131 yal\u0131t\u0131m\u0131 ve enerji tutma<\/p>\n<p>2). Anti-ultraviyole radyasyon, ya\u015flanma direnci<\/p>\n<p>3). Y\u00fcksek mukavemet ve sertlik<\/p>\n<p>4). B1 malzemeden sert yan\u0131c\u0131, yang\u0131n olmadan kendili\u011finden s\u00f6nen<\/p>\n<p>5). Hafif ve y\u00fcksek \u00e7evresel, k\u0131r\u0131lmas\u0131 zor<\/p>\n<p>6). Enerji tasarrufu<\/p>\n<p>7). On y\u0131l garanti<\/p>\n<p>8). Daha dayan\u0131kl\u0131<\/p>\n<p><img decoding=\"async\" src=\"https:\/\/sc01.alicdn.com\/kf\/Hd6f5a8ec694a4a598f787beb4129cbffO\/200162319\/Hd6f5a8ec694a4a598f787beb4129cbffO.jpg\" alt=\"Do\u011fa \u015feffaf polikarbonat ba\u011flant\u0131 yukar\u0131-a\u015fa\u011f\u0131 konekt\u00f6r PC levhas\u0131n\u0131n &quot;H&quot; klipsi\" width=\"630\" height=\"300.87931034482756\" data-src=\"\/\/sc01.alicdn.com\/kf\/Hd6f5a8ec694a4a598f787beb4129cbffO\/200162319\/Hd6f5a8ec694a4a598f787beb4129cbffO.jpg\" data-alt=\"Nature clear polycarbonate joint up-down connector &quot;H&quot; clip of PC sheet\" data-width=\"630\" data- title=\"\"><\/p>\n<p><strong>\u00d6zellikler:<\/strong><\/p>\n<p>1).6 m \/ a, b\u00fcy\u00fck miktar\u0131n uzunlu\u011fu da m\u00fc\u015fterinin gereksinimlerine g\u00f6re \u00f6zelle\u015ftirilebilir (nakliye izni ko\u015fulu alt\u0131nda).<\/p>\n<p><img fetchpriority=\"high\" decoding=\"async\" class=\"\" src=\"https:\/\/sc02.alicdn.com\/kf\/H95e04ad26b9b4e24b73cbd61dea37c6ba\/200162319\/H95e04ad26b9b4e24b73cbd61dea37c6ba.jpg\" alt=\"Do\u011fa \u015feffaf polikarbonat ba\u011flant\u0131 yukar\u0131-a\u015fa\u011f\u0131 konekt\u00f6r PC levhas\u0131n\u0131n &quot;H&quot; klipsi\" width=\"327\" height=\"327\" data-src=\"\/\/sc02.alicdn.com\/kf\/H95e04ad26b9b4e24b73cbd61dea37c6ba\/200162319\/H95e04ad26b9b4e24b73cbd61dea37c6ba.jpg\" data-alt=\"Nature clear polycarbonate joint up-down connector &quot;H&quot; clip of PC sheet\" data-width=\"630\" data- title=\"\"><img decoding=\"async\" class=\"\" src=\"https:\/\/sc01.alicdn.com\/kf\/H62e1d0749c0e47d8a7f0117ffaa51eear\/200162319\/H62e1d0749c0e47d8a7f0117ffaa51eear.jpg\" alt=\"Do\u011fa \u015feffaf polikarbonat ba\u011flant\u0131 yukar\u0131-a\u015fa\u011f\u0131 konekt\u00f6r PC levhas\u0131n\u0131n &quot;H&quot; klipsi\" width=\"332\" height=\"332\" data-src=\"\/\/sc01.alicdn.com\/kf\/H62e1d0749c0e47d8a7f0117ffaa51eear\/200162319\/H62e1d0749c0e47d8a7f0117ffaa51eear.jpg\" data-alt=\"Nature clear polycarbonate joint up-down connector &quot;H&quot; clip of PC sheet\" data-width=\"630\" data- title=\"\"><\/p>\n<p><strong><span style=\"color: initial;\">Paketleme ve Nakliye<\/span><\/strong><\/p>\n<div id=\"ali-anchor-AliPostDhMb-4vnp3\" data-section=\"AliPostDhMb-4vnp3\" data-section-title=\"Packaging &amp; Shipping\">\n<div>\n<p>\u00a0<img decoding=\"async\" src=\"https:\/\/sc02.alicdn.com\/kf\/Hd05fdb0988024155a7956963ea5973acD\/200162319\/Hd05fdb0988024155a7956963ea5973acD.png\" alt=\"Do\u011fa \u015feffaf polikarbonat ba\u011flant\u0131 yukar\u0131-a\u015fa\u011f\u0131 konekt\u00f6r PC levhas\u0131n\u0131n &quot;H&quot; klipsi\" width=\"750\" height=\"564.9867374005305\" data-src=\"\/\/sc02.alicdn.com\/kf\/Hd05fdb0988024155a7956963ea5973acD\/200162319\/Hd05fdb0988024155a7956963ea5973acD.png\" data-alt=\"Nature clear polycarbonate joint up-down connector &quot;H&quot; clip of PC sheet\" data- title=\"\"><img decoding=\"async\" src=\"https:\/\/sc02.alicdn.com\/kf\/H02a52324dc024cdcbaee8c550d0c5b3cR\/200162319\/H02a52324dc024cdcbaee8c550d0c5b3cR.png\" alt=\"Do\u011fa \u015feffaf polikarbonat ba\u011flant\u0131 yukar\u0131-a\u015fa\u011f\u0131 konekt\u00f6r PC levhas\u0131n\u0131n &quot;H&quot; klipsi\" width=\"750\" height=\"255.63660477453584\" data-src=\"\/\/sc02.alicdn.com\/kf\/H02a52324dc024cdcbaee8c550d0c5b3cR\/200162319\/H02a52324dc024cdcbaee8c550d0c5b3cR.png\" data-alt=\"Nature clear polycarbonate joint up-down connector &quot;H&quot; clip of PC sheet\" data- title=\"\"><\/p>\n<\/div>\n<\/div>","protected":false},"featured_media":15410,"parent":0,"template":"","product-catagories":[172],"product-tag":[],"class_list":["post-15408","product","type-product","status-publish","has-post-thumbnail","hentry","product-catagories-polycarbonate-light-diffuse-sheet"],"acf":[],"_links":{"self":[{"href":"https:\/\/www.tononplastics.com\/tr\/wp-json\/wp\/v2\/product\/15408","targetHints":{"allow":["GET"]}}],"collection":[{"href":"https:\/\/www.tononplastics.com\/tr\/wp-json\/wp\/v2\/product"}],"about":[{"href":"https:\/\/www.tononplastics.com\/tr\/wp-json\/wp\/v2\/types\/product"}],"version-history":[{"count":0,"href":"https:\/\/www.tononplastics.com\/tr\/wp-json\/wp\/v2\/product\/15408\/revisions"}],"wp:featuredmedia":[{"embeddable":true,"href":"https:\/\/www.tononplastics.com\/tr\/wp-json\/wp\/v2\/media\/15410"}],"wp:attachment":[{"href":"https:\/\/www.tononplastics.com\/tr\/wp-json\/wp\/v2\/media?parent=15408"}],"wp:term":[{"taxonomy":"product-catagories","embeddable":true,"href":"https:\/\/www.tononplastics.com\/tr\/wp-json\/wp\/v2\/product-catagories?post=15408"},{"taxonomy":"product-tag","embeddable":true,"href":"https:\/\/www.tononplastics.com\/tr\/wp-json\/wp\/v2\/product-tag?post=15408"}],"curies":[{"name":"wp","href":"https:\/\/api.w.org\/{rel}","templated":true}]}}