{"id":15420,"date":"2023-08-22T11:11:29","date_gmt":"2023-08-22T03:11:29","guid":{"rendered":"https:\/\/tononplastics.com\/?post_type=product&#038;p=15420"},"modified":"2024-03-25T15:40:17","modified_gmt":"2024-03-25T07:40:17","slug":"led-panel-lighting-diffuserled-light-diffusion-sheet-bulb-diffusing-polycarbonate","status":"publish","type":"product","link":"https:\/\/www.tononplastics.com\/tr\/product\/led-panel-lighting-diffuserled-light-diffusion-sheet-bulb-diffusing-polycarbonate\/","title":{"rendered":"led panel ayd\u0131nlatma dif\u00fcz\u00f6r\u00fc, led \u0131\u015f\u0131k dif\u00fczyon levha ampul dif\u00fczyon polikarbonat"},"content":{"rendered":"<div id=\"ali-anchor-AliPostDhMb-payd1\" class=\"mceSectionContainer\" data-section=\"AliPostDhMb-payd1\" data-section-title=\"Product Description\">\n<div id=\"ali-title-AliPostDhMb-payd1\"><\/div>\n<div>\n<p>\u00a0<img fetchpriority=\"high\" decoding=\"async\" class=\"\" src=\"https:\/\/sc01.alicdn.com\/kf\/H600807c9a63446b58826fc05a3ec45f7R\/200162319\/H600807c9a63446b58826fc05a3ec45f7R.jpg\" alt=\"led panel ayd\u0131nlatma dif\u00fcz\u00f6r\u00fc, led \u0131\u015f\u0131k dif\u00fczyon levha ampul dif\u00fczyon polikarbonat\" width=\"404\" height=\"404\" data-src=\"\/\/sc01.alicdn.com\/kf\/H600807c9a63446b58826fc05a3ec45f7R\/200162319\/H600807c9a63446b58826fc05a3ec45f7R.jpg\" data-alt=\"led panel lighting diffuser,led light diffusion sheet bulb diffusing polycarbonate\" data-width=\"630\" data-spm-anchor-id=\"a2700.details.0.i20.5a162df0k7iIjR\" data- title=\"\"><img decoding=\"async\" class=\"\" src=\"https:\/\/sc01.alicdn.com\/kf\/H6c56ad0c2a0e4d95bc8510ee16b89dd1q\/200162319\/H6c56ad0c2a0e4d95bc8510ee16b89dd1q.jpg\" alt=\"led panel ayd\u0131nlatma dif\u00fcz\u00f6r\u00fc, led \u0131\u015f\u0131k dif\u00fczyon levha ampul dif\u00fczyon polikarbonat\" width=\"412\" height=\"412\" data-src=\"\/\/sc01.alicdn.com\/kf\/H6c56ad0c2a0e4d95bc8510ee16b89dd1q\/200162319\/H6c56ad0c2a0e4d95bc8510ee16b89dd1q.jpg\" data-alt=\"led panel lighting diffuser,led light diffusion sheet bulb diffusing polycarbonate\" data-width=\"630\" data- title=\"\"><\/p>\n<p><strong>I\u015f\u0131k \u0130letimi:<\/strong><br \/>\nI\u015f\u0131k ge\u00e7irgenli\u011fi renk ve kal\u0131nl\u0131\u011fa ba\u011fl\u0131 olarak 12%-82%'ye ula\u015f\u0131r.<\/p>\n<p><strong>UV korumal\u0131:<\/strong><br \/>\nTescilli anti-UV kaplamaya atfedilen Polikarbonat oluklu levha, maruz kald\u0131ktan sonra m\u00fckemmel mekanik ve optik performans\u0131n\u0131 korur.<\/p>\n<p><strong>Hava Durumu Yetene\u011fi:<\/strong><br \/>\n40\u00b0C-120\u00b0C aras\u0131ndaki geni\u015f s\u0131cakl\u0131k aral\u0131\u011f\u0131nda m\u00fckemmel performans\u0131 koruyan s\u00fcper hava ko\u015fullar\u0131na dayan\u0131kl\u0131d\u0131r.<\/p>\n<p><strong>Yang\u0131n geciktirici :<\/strong> UL Yan\u0131c\u0131l\u0131k 94 V-2<\/p>\n<p><strong>Kolay Kurulum<\/strong><br \/>\nKurulumu kolayd\u0131r ve so\u011fuk b\u00fck\u00fclebilir<\/p>\n<p><strong>Darbe Dayan\u0131m\u0131 :<\/strong><br \/>\nS\u0131radan cam\u0131n 250-300 kat\u0131 ve ayn\u0131 kal\u0131nl\u0131ktaki akrilik panellerin 30 kat\u0131 darbe dayan\u0131m\u0131, 2-20 kat sertle\u015ftirilmi\u015f cam 3 kg \u00e7eki\u00e7 alt\u0131nda iki metre d\u00fc\u015f\u00fcyor \u00e7atlak yok, k\u0131r\u0131k yok<\/p>\n<p><strong>Polikarbonat oluklu levha uygulamas\u0131:<br \/>\n<\/strong>Otoyol ve kentsel y\u00fckseltilmi\u015f yol g\u00fcr\u00fclt\u00fc bariyerleri;<br \/>\nTar\u0131msal sera ve yeti\u015ftirme kul\u00fcbesi;<br \/>\nModern eko-restoran tavan\u0131;<br \/>\nT\u00fcm birimler veya h\u00fccre d\u00f6ng\u00fcs\u00fc sundurmas\u0131, balkon g\u00fcne\u015fli\u011fi ve \u00e7at\u0131 dinlenme kiosklar\u0131 sundurmas\u0131;<br \/>\nOfis binalar\u0131, b\u00fcy\u00fck ma\u011fazalar, oteller, villalar, okullar, hastaneler, spor stadyumlar\u0131, e\u011flence merkezleri ve kamu tesisleri tavan ayd\u0131nlatmalar\u0131 ve .<\/p>\n<\/div>\n<\/div>\n<p><img decoding=\"async\" class=\"\" src=\"https:\/\/sc02.alicdn.com\/kf\/Hdce328a67d81495a812f963bcc590d4e8\/200162319\/Hdce328a67d81495a812f963bcc590d4e8.jpg\" alt=\"led panel ayd\u0131nlatma dif\u00fcz\u00f6r\u00fc, led \u0131\u015f\u0131k dif\u00fczyon levha ampul dif\u00fczyon polikarbonat\" width=\"322\" height=\"322\" data-src=\"\/\/sc02.alicdn.com\/kf\/Hdce328a67d81495a812f963bcc590d4e8\/200162319\/Hdce328a67d81495a812f963bcc590d4e8.jpg\" data-alt=\"led panel lighting diffuser,led light diffusion sheet bulb diffusing polycarbonate\" data-width=\"630\" data- title=\"\"><img loading=\"lazy\" decoding=\"async\" class=\"\" src=\"https:\/\/sc01.alicdn.com\/kf\/Ha35eb9523b0743dbbef517c1f6d500b5t\/200162319\/Ha35eb9523b0743dbbef517c1f6d500b5t.jpg\" alt=\"led panel ayd\u0131nlatma dif\u00fcz\u00f6r\u00fc, led \u0131\u015f\u0131k dif\u00fczyon levha ampul dif\u00fczyon polikarbonat\" width=\"428\" height=\"428\" data-src=\"\/\/sc01.alicdn.com\/kf\/Ha35eb9523b0743dbbef517c1f6d500b5t\/200162319\/Ha35eb9523b0743dbbef517c1f6d500b5t.jpg\" data-alt=\"led panel lighting diffuser,led light diffusion sheet bulb diffusing polycarbonate\" data-width=\"630\" data- title=\"\"><\/p>\n<div id=\"ali-anchor-AliPostDhMb-101z7\" class=\"mceSectionContainer\" data-section=\"AliPostDhMb-101z7\" data-section-title=\"Company Information\">\n<div id=\"ali-title-AliPostDhMb-101z7\"><\/div>\n<\/div>\n<div id=\"ali-anchor-AliPostDhMb-vzyi1\" class=\"mceSectionContainer\" data-section=\"AliPostDhMb-vzyi1\" data-section-title=\"Packaging &amp; Shipping\">\n<div id=\"ali-title-AliPostDhMb-vzyi1\"><strong>Paketleme ve Nakliye<\/strong><\/div>\n<div>\n<p>\u00a0<img decoding=\"async\" src=\"https:\/\/sc02.alicdn.com\/kf\/Hd05fdb0988024155a7956963ea5973acD\/200162319\/Hd05fdb0988024155a7956963ea5973acD.png\" alt=\"led panel ayd\u0131nlatma dif\u00fcz\u00f6r\u00fc, led \u0131\u015f\u0131k dif\u00fczyon levha ampul dif\u00fczyon polikarbonat\" width=\"630\" height=\"474.58885941644564\" data-src=\"\/\/sc02.alicdn.com\/kf\/Hd05fdb0988024155a7956963ea5973acD\/200162319\/Hd05fdb0988024155a7956963ea5973acD.png\" data-alt=\"led panel lighting diffuser,led light diffusion sheet bulb diffusing polycarbonate\" data-width=\"630\" data- title=\"\"><img decoding=\"async\" src=\"https:\/\/sc02.alicdn.com\/kf\/H02a52324dc024cdcbaee8c550d0c5b3cR\/200162319\/H02a52324dc024cdcbaee8c550d0c5b3cR.png\" alt=\"led panel ayd\u0131nlatma dif\u00fcz\u00f6r\u00fc, led \u0131\u015f\u0131k dif\u00fczyon levha ampul dif\u00fczyon polikarbonat\" width=\"630\" height=\"214.7347480106101\" data-src=\"\/\/sc02.alicdn.com\/kf\/H02a52324dc024cdcbaee8c550d0c5b3cR\/200162319\/H02a52324dc024cdcbaee8c550d0c5b3cR.png\" data-alt=\"led panel lighting diffuser,led light diffusion sheet bulb diffusing polycarbonate\" data-width=\"630\" data- title=\"\"><\/p>\n<\/div>\n<\/div>\n<div id=\"ali-anchor-AliPostDhMb-ik3zy\" class=\"mceSectionContainer\" data-section=\"AliPostDhMb-ik3zy\" data-section-title=\"FAQ\">\n<div id=\"ali-title-AliPostDhMb-ik3zy\"><\/div>\n<\/div>","protected":false},"featured_media":15421,"parent":0,"template":"","product-catagories":[170],"product-tag":[],"class_list":["post-15420","product","type-product","status-publish","has-post-thumbnail","hentry","product-catagories-polycarbonate-deep-processing"],"acf":[],"_links":{"self":[{"href":"https:\/\/www.tononplastics.com\/tr\/wp-json\/wp\/v2\/product\/15420","targetHints":{"allow":["GET"]}}],"collection":[{"href":"https:\/\/www.tononplastics.com\/tr\/wp-json\/wp\/v2\/product"}],"about":[{"href":"https:\/\/www.tononplastics.com\/tr\/wp-json\/wp\/v2\/types\/product"}],"version-history":[{"count":0,"href":"https:\/\/www.tononplastics.com\/tr\/wp-json\/wp\/v2\/product\/15420\/revisions"}],"wp:featuredmedia":[{"embeddable":true,"href":"https:\/\/www.tononplastics.com\/tr\/wp-json\/wp\/v2\/media\/15421"}],"wp:attachment":[{"href":"https:\/\/www.tononplastics.com\/tr\/wp-json\/wp\/v2\/media?parent=15420"}],"wp:term":[{"taxonomy":"product-catagories","embeddable":true,"href":"https:\/\/www.tononplastics.com\/tr\/wp-json\/wp\/v2\/product-catagories?post=15420"},{"taxonomy":"product-tag","embeddable":true,"href":"https:\/\/www.tononplastics.com\/tr\/wp-json\/wp\/v2\/product-tag?post=15420"}],"curies":[{"name":"wp","href":"https:\/\/api.w.org\/{rel}","templated":true}]}}