{"id":15424,"date":"2023-08-22T11:12:36","date_gmt":"2023-08-22T03:12:36","guid":{"rendered":"https:\/\/tononplastics.com\/?post_type=product&#038;p=15424"},"modified":"2024-03-25T13:17:34","modified_gmt":"2024-03-25T05:17:34","slug":"plastic-products-custom-size-white-milk-polycarbonate-sheet-led-light-diffusion-polycarbonate-sheet","status":"publish","type":"product","link":"https:\/\/www.tononplastics.com\/tr\/product\/plastic-products-custom-size-white-milk-polycarbonate-sheet-led-light-diffusion-polycarbonate-sheet\/","title":{"rendered":"Plastik \u00fcr\u00fcnler \u00f6zel boyut beyaz s\u00fct polikarbonat levha LED \u0131\u015f\u0131k dif\u00fczyon polikarbonat levha"},"content":{"rendered":"<figure class=\"wp-block-gallery has-nested-images columns-default is-cropped wp-block-gallery-1 is-layout-flex wp-block-gallery-is-layout-flex\">\n<figure class=\"wp-block-image size-full\"><img fetchpriority=\"high\" decoding=\"async\" width=\"640\" height=\"640\" data-id=\"15422\" src=\"https:\/\/www.tononplastics.com\/wp-content\/uploads\/2023\/08\/Hdce328a67d81495a812f963bcc590d4e8.jpg\" alt=\"\" class=\"wp-image-15422\" title=\"\" srcset=\"https:\/\/www.tononplastics.com\/wp-content\/uploads\/2023\/08\/Hdce328a67d81495a812f963bcc590d4e8.jpg 640w, https:\/\/www.tononplastics.com\/wp-content\/uploads\/2023\/08\/Hdce328a67d81495a812f963bcc590d4e8-300x300.jpg 300w, https:\/\/www.tononplastics.com\/wp-content\/uploads\/2023\/08\/Hdce328a67d81495a812f963bcc590d4e8-150x150.jpg 150w\" sizes=\"(max-width: 640px) 100vw, 640px\" \/><\/figure>\n\n\n\n<figure class=\"wp-block-image size-full\"><img decoding=\"async\" width=\"1080\" height=\"1440\" data-id=\"15325\" src=\"https:\/\/www.tononplastics.com\/wp-content\/uploads\/2023\/08\/Hf18aec69ee4b444f8edf47e1d796fc1dB.jpg\" alt=\"\" class=\"wp-image-15325\" title=\"\" srcset=\"https:\/\/www.tononplastics.com\/wp-content\/uploads\/2023\/08\/Hf18aec69ee4b444f8edf47e1d796fc1dB.jpg 1080w, https:\/\/www.tononplastics.com\/wp-content\/uploads\/2023\/08\/Hf18aec69ee4b444f8edf47e1d796fc1dB-225x300.jpg 225w, https:\/\/www.tononplastics.com\/wp-content\/uploads\/2023\/08\/Hf18aec69ee4b444f8edf47e1d796fc1dB-768x1024.jpg 768w\" sizes=\"(max-width: 1080px) 100vw, 1080px\" \/><\/figure>\n<\/figure>\n\n\n<div id=\"ali-anchor-AliPostDhMb-pqocd\" class=\"mceSectionContainer\" data-section=\"AliPostDhMb-pqocd\" data-section-title=\"Product Description\">\n<p><strong style=\"font-size: revert; color: initial;\">beyaz s\u00fct \u0131\u015f\u0131\u011f\u0131<\/strong> <strong>dif\u00fczyon<\/strong><strong style=\"font-size: revert; color: initial;\"> \u00dcr\u00fcn A\u00e7\u0131klamas\u0131<\/strong><\/p>\n<\/div>\n<table class=\"aliDataTable\">\n<tbody>\n<tr align=\"left\">\n<td rowspan=\"4\" valign=\"top\">\n<p>\u00a0<\/p>\n<p>\u00a0<\/p>\n<p>\u00dcr\u00fcnlerin Boyutlar\u0131<\/p>\n<\/td>\n<td valign=\"top\">\n<p>KALINLIK: 1,3 mm'den 10 mm'ye kadar<\/p>\n<\/td>\n<\/tr>\n<tr align=\"left\">\n<td valign=\"top\">\n<p>UZUNLUK: s\u0131n\u0131rs\u0131z<\/p>\n<\/td>\n<\/tr>\n<tr align=\"left\">\n<td valign=\"top\">\n<p>GEN\u0130\u015eL\u0130K: 1220mm, 1560mm, 1820mm ve 2100mm<\/p>\n<\/td>\n<\/tr>\n<tr align=\"left\">\n<td valign=\"top\">\n<p>RENK: beyaz s\u00fct<\/p>\n<p>\u00d6zellikler ve renkler \u00f6zelle\u015ftirilebilir.<\/p>\n<\/td>\n<\/tr>\n<tr align=\"left\">\n<td rowspan=\"7\" valign=\"top\">\n<p>\u00a0<\/p>\n<p>\u00a0<\/p>\n<p>\u00a0<\/p>\n<p>\u00a0<\/p>\n<p>\u00a0<\/p>\n<p>\u00dcr\u00fcn \u00d6zellikleri<\/p>\n<\/td>\n<td valign=\"top\">\n<p>1. I\u015f\u0131k ge\u00e7irgenli\u011fi: renk ve kal\u0131nl\u0131\u011fa ba\u011fl\u0131 olarak 12%-82%'ye ula\u015f\u0131r<\/p>\n<\/td>\n<\/tr>\n<tr align=\"left\">\n<td valign=\"top\">\n<p>2. Yang\u0131n geciktirme: B1 s\u0131n\u0131f\u0131, yang\u0131n damlas\u0131 veya zehirli gaz olmadan ulusal GB8624-1997 testi ile kararla\u015ft\u0131r\u0131l\u0131r<\/p>\n<\/td>\n<\/tr>\n<tr align=\"left\">\n<td valign=\"top\">\n<p>3. Darbe dayan\u0131m\u0131: pc levhan\u0131n darbe dayan\u0131m\u0131 s\u0131radan camlara g\u00f6re 250-300 kat daha fazlad\u0131r.<\/p>\n<\/td>\n<\/tr>\n<tr align=\"left\">\n<td valign=\"top\">\n<p>4. Kolay kurulum<\/p>\n<\/td>\n<\/tr>\n<tr align=\"left\">\n<td valign=\"top\">\n<p>5. Ses yal\u0131t\u0131m\u0131<\/p>\n<\/td>\n<\/tr>\n<tr align=\"left\">\n<td valign=\"top\">\n<p>6. Hava ko\u015fullar\u0131na dayan\u0131kl\u0131l\u0131k: -40 \u2103 ila 120 \u2103 s\u0131cakl\u0131k aral\u0131\u011f\u0131.<\/p>\n<\/td>\n<\/tr>\n<tr align=\"left\">\n<td valign=\"top\">\n<p>7. UV korumas\u0131<\/p>\n<\/td>\n<\/tr>\n<\/tbody>\n<\/table>\n<p><strong>\u00d6ZELL\u0130K<\/strong>:<br \/>1) Darbe dayan\u0131m\u0131: PC i\u00e7i bo\u015f levhan\u0131n darbe dayan\u0131m\u0131 cam\u0131n 250 kat\u0131d\u0131r.<br \/>2) Hafif a\u011f\u0131rl\u0131k: PC i\u00e7i bo\u015f levhan\u0131n a\u011f\u0131rl\u0131\u011f\u0131 cam\u0131n sadece yar\u0131s\u0131 kadard\u0131r.<br \/>3) \u015eeffafl\u0131k: 3mm kal\u0131nl\u0131\u011f\u0131nda PC i\u00e7i bo\u015f tabakan\u0131n \u0131\u015f\u0131k ge\u00e7irgenli\u011fi 88%'dir.<br \/>4) UV korumas\u0131: Bir PC tabakas\u0131, PC tabakas\u0131n\u0131n renginin solmas\u0131n\u0131 da \u00f6nleyen y\u00fcksek yo\u011funluklu bir ultraviyole \u0131\u015f\u0131n\u0131 ile birlikte ekstr\u00fcde edilir.<br \/>5) Hava ko\u015fullar\u0131na kar\u015f\u0131 diren\u00e7: PC i\u00e7i bo\u015f levha k\u00f6t\u00fc hava ko\u015fullar\u0131na kar\u015f\u0131 diren\u00e7lidir ve -40oC ila 12oC s\u0131cakl\u0131k aral\u0131\u011f\u0131nda m\u00fckemmel performans sa\u011flar<br \/>6) Yo\u011fu\u015fmay\u0131 \u00f6nleme: D\u0131\u015f ortam s\u0131cakl\u0131\u011f\u0131 0oC ve i\u00e7 ortam s\u0131cakl\u0131\u011f\u0131 23oC oldu\u011funda, PC sayfas\u0131 80%'ye kadar yo\u011fu\u015facakt\u0131r. <br \/><span style=\"font-size: revert; color: initial;\">7) Is\u0131 yal\u0131t\u0131m\u0131: Cam\u0131n K-de\u011feri PC kat\u0131 levhan\u0131n 1,2 kat\u0131d\u0131r. PC levhalar \u0131s\u0131 kayb\u0131n\u0131 \u00f6nlerken enerji tasarrufu sa\u011flayabilir.<br \/><\/span><span style=\"font-size: revert; color: initial;\">8) Ses yal\u0131t\u0131m\u0131: 6mm kal\u0131nl\u0131\u011f\u0131nda PC i\u00e7i bo\u015f levha sesi 20db azaltabilir.<br \/><\/span><span style=\"font-size: revert; color: initial;\">9) Alev direnci: Yang\u0131n Yap\u0131 malzemelerinin kalite Denetimi ve Testi i\u00e7in Ulusal merkez taraf\u0131ndan yap\u0131lan testler sonucunda, malzeme QB8624-1997 standard\u0131na g\u00f6re S\u0131n\u0131f 1 olarak derecelendirilmi\u015ftir.<br \/><\/span><span style=\"font-size: revert; color: initial;\">10) Kolay kurulum: Bir PC levhas\u0131 s\u0131cakken veya so\u011fukken b\u00fck\u00fclebilir ve kavisli kanatlar ve pencerelerde kullan\u0131labilir. Bir PC levhas\u0131n\u0131n minimum e\u011frilik yar\u0131\u00e7ap\u0131, kal\u0131nl\u0131\u011f\u0131n\u0131n 175 kat\u0131d\u0131r.\u00a0<\/span><\/p>\n<p><strong>PC Kat\u0131 ve Kabartmal\u0131 Levha uygulama aral\u0131klar\u0131<\/strong><\/p>\n<p><img decoding=\"async\" src=\"https:\/\/sc01.alicdn.com\/kf\/HTB1VgAYJVXXXXa5aXXXq6xXFXXXW\/200162319\/HTB1VgAYJVXXXXa5aXXXq6xXFXXXW.jpg\" alt=\"plastik \u00fcr\u00fcnler \u00f6zel boyut beyaz s\u00fct polikarbonat levha LED \u0131\u015f\u0131k dif\u00fczyon polikarbonat levha\" width=\"630\" height=\"204.12\" data-src=\"\/\/sc01.alicdn.com\/kf\/HTB1VgAYJVXXXXa5aXXXq6xXFXXXW\/200162319\/HTB1VgAYJVXXXXa5aXXXq6xXFXXXW.jpg\" data-alt=\"plastic products custom size white milk polycarbonate sheet LED light diffusion polycarbonate sheet\" data-width=\"630\" data- title=\"\"><\/p>\n<p>1. Bina: ofis binas\u0131n\u0131n g\u00fcn \u0131\u015f\u0131\u011f\u0131 tavan\u0131 olarak Otoyollar\u0131n ve kentsel \u00fcst yollar\u0131n g\u00fcr\u00fclt\u00fc bariyerleri.<br \/>2. Soygun \u00f6nleme: Bankalar\u0131n h\u0131rs\u0131zl\u0131\u011fa kar\u015f\u0131 dayan\u0131kl\u0131 gi\u015feleri, hazine kabinleri, kuyumcu d\u00fckkanlar\u0131n\u0131n g\u00fcvenlik ayd\u0131nlatma malzemesi.<br \/>3. Reklamc\u0131l\u0131k: Reklam lamba kutular\u0131n\u0131n panelleri, sergileme panolar\u0131.<br \/><span style=\"font-size: revert; color: initial;\">4. Patlama \u00f6nleme: Polis kalkanlar\u0131, para kamyonu camlar\u0131.<br \/><\/span><span style=\"font-size: revert; color: initial;\">5. Genel teklifler: otomat panelleri, motosiklet kasklar\u0131, koruyucu maskeler vb.<\/span><\/p>\n<div id=\"ali-anchor-AliPostDhMb-6096r\" class=\"mceSectionContainer\" data-section=\"AliPostDhMb-6096r\" data-section-title=\"Company Information\">\n<p><strong>Sertifika:<\/strong><\/p>\n<p><img decoding=\"async\" src=\"https:\/\/sc01.alicdn.com\/kf\/HTB1MXLWJVXXXXXSXXXXq6xXFXXXB\/200162319\/HTB1MXLWJVXXXXXSXXXXq6xXFXXXB.jpg\" alt=\"plastik \u00fcr\u00fcnler \u00f6zel boyut beyaz s\u00fct polikarbonat levha LED \u0131\u015f\u0131k dif\u00fczyon polikarbonat levha\" width=\"630\" height=\"250.32000000000002\" data-src=\"\/\/sc01.alicdn.com\/kf\/HTB1MXLWJVXXXXXSXXXXq6xXFXXXB\/200162319\/HTB1MXLWJVXXXXXSXXXXq6xXFXXXB.jpg\" data-alt=\"plastic products custom size white milk polycarbonate sheet LED light diffusion polycarbonate sheet\" data-width=\"630\" data- title=\"\"><\/p>\n<p><strong>Di\u011fer \u00fcr\u00fcnler a\u015fa\u011f\u0131daki gibidir:<\/strong><\/p>\n<p><img decoding=\"async\" src=\"https:\/\/sc01.alicdn.com\/kf\/HTB1eDLCJVXXXXaMXFXXq6xXFXXXf\/200162319\/HTB1eDLCJVXXXXaMXFXXq6xXFXXXf.jpg\" alt=\"plastik \u00fcr\u00fcnler \u00f6zel boyut beyaz s\u00fct polikarbonat levha LED \u0131\u015f\u0131k dif\u00fczyon polikarbonat levha\" width=\"630\" height=\"315\" data-src=\"\/\/sc01.alicdn.com\/kf\/HTB1eDLCJVXXXXaMXFXXq6xXFXXXf\/200162319\/HTB1eDLCJVXXXXaMXFXXq6xXFXXXf.jpg\" data-alt=\"plastic products custom size white milk polycarbonate sheet LED light diffusion polycarbonate sheet\" data-width=\"630\" data- title=\"\"><\/p>\n<p>1. S: \u00dcretici veya Ticaret \u015eirketi misiniz?<br \/>A: Biz profesyonel fabrika, y\u00fcksek kaliteli polikarbonat levhalar \u00fcretiminde 10 y\u0131ldan fazla deneyime sahip. OEM kabul edilebilir.<\/p>\n<p>2. S: Sipari\u015f s\u00fcreci nedir?<\/p>\n<p>a. Soru\u015fturma - bize t\u00fcm a\u00e7\u0131k gereksinimleri sa\u011flay\u0131n.<br \/>b.Teklif-t\u00fcm a\u00e7\u0131k \u00f6zellikleri i\u00e7eren resmi teklif formu.<br \/>c. \u00d6zelle\u015ftirme - En \u00fcst d\u00fczeyde \u00f6zelle\u015ftirme ve ki\u015fiselle\u015ftirilmi\u015f \u00e7\u00f6z\u00fcmler sunuyoruz.<br \/>d.Numune -Fabrikam\u0131z\u0131n standart numunesi.<br \/>e. \u00d6deme ko\u015fullar\u0131 - T \/ T 30% geli\u015fmi\u015f, sevkiyat \u00f6ncesi dengeli.<br \/>f.\u00dcretim-kitlesel \u00fcretim<br \/>g.Nakliye - deniz, hava veya kurye ile. Paketin ayr\u0131nt\u0131l\u0131 resmi sa\u011flanacakt\u0131r.<\/p>\n<p>3. S: Hangi \u00f6deme ko\u015fullar\u0131n\u0131 kullan\u0131yorsunuz?<br \/>A: T \/ T, PayPal, Nakit.<\/p>\n<p>4. S: Polikarbonat levha i\u00e7in hammaddeniz nedir?<br \/>C: Bayer, Sabic, Senyi, Samsung ve di\u011fer \u00fcnl\u00fc markalar gibi ithal malzemeleri benimsiyoruz.<\/p>\n<\/div>","protected":false},"featured_media":15421,"parent":0,"template":"","product-catagories":[170],"product-tag":[],"class_list":["post-15424","product","type-product","status-publish","has-post-thumbnail","hentry","product-catagories-polycarbonate-deep-processing"],"acf":[],"_links":{"self":[{"href":"https:\/\/www.tononplastics.com\/tr\/wp-json\/wp\/v2\/product\/15424","targetHints":{"allow":["GET"]}}],"collection":[{"href":"https:\/\/www.tononplastics.com\/tr\/wp-json\/wp\/v2\/product"}],"about":[{"href":"https:\/\/www.tononplastics.com\/tr\/wp-json\/wp\/v2\/types\/product"}],"version-history":[{"count":0,"href":"https:\/\/www.tononplastics.com\/tr\/wp-json\/wp\/v2\/product\/15424\/revisions"}],"wp:featuredmedia":[{"embeddable":true,"href":"https:\/\/www.tononplastics.com\/tr\/wp-json\/wp\/v2\/media\/15421"}],"wp:attachment":[{"href":"https:\/\/www.tononplastics.com\/tr\/wp-json\/wp\/v2\/media?parent=15424"}],"wp:term":[{"taxonomy":"product-catagories","embeddable":true,"href":"https:\/\/www.tononplastics.com\/tr\/wp-json\/wp\/v2\/product-catagories?post=15424"},{"taxonomy":"product-tag","embeddable":true,"href":"https:\/\/www.tononplastics.com\/tr\/wp-json\/wp\/v2\/product-tag?post=15424"}],"curies":[{"name":"wp","href":"https:\/\/api.w.org\/{rel}","templated":true}]}}