{"id":15430,"date":"2023-08-22T11:21:17","date_gmt":"2023-08-22T03:21:17","guid":{"rendered":"https:\/\/tononplastics.com\/?post_type=product&#038;p=15430"},"modified":"2024-04-16T14:08:52","modified_gmt":"2024-04-16T06:08:52","slug":"factory-direct-sale-100-new-materials-four-wall-pc-hollow-sheet","status":"publish","type":"product","link":"https:\/\/www.tononplastics.com\/tr\/product\/factory-direct-sale-100-new-materials-four-wall-pc-hollow-sheet\/","title":{"rendered":"Fabrika do\u011frudan sat\u0131\u015f\u0131 100% Yeni Malzemeler D\u00f6rt duvarl\u0131 PC i\u00e7i bo\u015f levha"},"content":{"rendered":"<figure class=\"wp-block-gallery has-nested-images columns-default is-cropped wp-block-gallery-1 is-layout-flex wp-block-gallery-is-layout-flex\">\n<figure class=\"wp-block-image size-large\"><img decoding=\"async\" data-id=\"16139\" src=\"https:\/\/www.tononplastics.com\/wp-content\/uploads\/2024\/03\/H51343cdbb8f04c94a5295d3aa768236fu.webp\" alt=\"\" class=\"wp-image-16139\" title=\"\"><\/figure>\n\n\n\n<figure class=\"wp-block-image size-large\"><img fetchpriority=\"high\" decoding=\"async\" width=\"489\" height=\"296\" data-id=\"16195\" src=\"https:\/\/www.tononplastics.com\/wp-content\/uploads\/2023\/05\/d91baf45-3be1-4b5e-afdd-8735557e638e.png\" alt=\"\" class=\"wp-image-16195\" title=\"\" srcset=\"https:\/\/www.tononplastics.com\/wp-content\/uploads\/2023\/05\/d91baf45-3be1-4b5e-afdd-8735557e638e.png 489w, https:\/\/www.tononplastics.com\/wp-content\/uploads\/2023\/05\/d91baf45-3be1-4b5e-afdd-8735557e638e-300x182.png 300w, https:\/\/www.tononplastics.com\/wp-content\/uploads\/2023\/05\/d91baf45-3be1-4b5e-afdd-8735557e638e-18x12.png 18w\" sizes=\"(max-width: 489px) 100vw, 489px\" \/><\/figure>\n<\/figure>\n\n\n<div id=\"ali-anchor-AliPostDhMb-mrvpj\" data-section=\"AliPostDhMb-mrvpj\" data-section-title=\"Product details\">\n<p><strong>Geleneksel \u00fcr\u00fcn detaylar\u0131:<\/strong><\/p>\n<p>1). \u00c7ift duvarl\u0131 polikarbonat levha kal\u0131nl\u0131\u011f\u0131: 3mm-12mm. Geni\u015flik: 2100mm.<\/p>\n<p>2). \u00dc\u00e7 duvarl\u0131 polikarbonat levha kal\u0131nl\u0131\u011f\u0131: 10mm-18mm. Geni\u015flik: 2100mm.<\/p>\n<p>3). D\u00f6rt duvarl\u0131 polikarbonat levha kal\u0131nl\u0131\u011f\u0131: 6mm-14mm. Geni\u015flik: 2100mm.<\/p>\n<p>4). Petek polikarbonat levha kal\u0131nl\u0131\u011f\u0131: 6mm-14mm. Geni\u015flik: 2100mm.<\/p>\n<p>5). Ayr\u0131ca geni\u015fli\u011fi 1220 mm gibi \u00f6zelle\u015ftirebiliriz ve normal kal\u0131nl\u0131k 4 mm-6 mm'dir. Ancak fiyat 2100mm geni\u015flikten daha y\u00fcksek olacakt\u0131r, \u00e7\u00fcnk\u00fc \u00fccret kayb\u0131 vard\u0131r.<\/p>\n<p>6). Masif polikarbonat levha standart kal\u0131nl\u0131k:<\/p>\n<p>\u00a0 \u00a0 \u00a01.1mm-18mm. Geni\u015flik: 1220, 1560, 1820, 2100mm. Genellikle 1220x2440mm.<\/p>\n<p>7). Oluklu polikarbonat levha kal\u0131nl\u0131\u011f\u0131: 0.8mm-1.8mm.  Geni\u015flik 1000mm ve 1220mm'dir.<\/p>\n<p><em>A. Uzunluk: S\u0131n\u0131r yok (20\u2032 konteyner ve 40\u2032 konteynere uymas\u0131 i\u00e7in 5800, 6000, 11800, 12000 mm \u00f6nerilir).<\/em><\/p>\n<p><em>B. Renk: berrak\/\u015feffaf, g\u00f6l mavisi, ye\u015fil, mavi, opal, kahverengi\/bronz, g\u00fcm\u00fc\u015fi gri, k\u0131rm\u0131z\u0131, sar\u0131, vb.<\/em><\/p>\n<p>\u00a0<\/p>\n<p><img decoding=\"async\" src=\"https:\/\/sc02.alicdn.com\/kf\/HTB1k6UuKVXXXXccXFXXq6xXFXXX9\/200162319\/HTB1k6UuKVXXXXccXFXXq6xXFXXX9.jpg\" width=\"750\" height=\"750\" data-src=\"\/\/sc02.alicdn.com\/kf\/HTB1k6UuKVXXXXccXFXXq6xXFXXX9\/200162319\/HTB1k6UuKVXXXXccXFXXq6xXFXXX9.jpg\" data-width=\"760\" data-height=\"760\" alt=\"\" title=\"\"><\/p>\n<\/div>\n<div id=\"ali-anchor-AliPostDhMb-ib723\" data-section=\"AliPostDhMb-ib723\" data-section-title=\"Packing &amp;Delivery\">\n<div id=\"ali-title-AliPostDhMb-ib723\"><strong>Paketleme ve Teslimat<\/strong><\/div>\n<div>\n<p><img decoding=\"async\" src=\"https:\/\/sc01.alicdn.com\/kf\/HTB1NDV9KXXXXXbsaXXXq6xXFXXX2\/200162319\/HTB1NDV9KXXXXXbsaXXXq6xXFXXX2.jpg\" width=\"750\" height=\"750\" data-src=\"\/\/sc01.alicdn.com\/kf\/HTB1NDV9KXXXXXbsaXXXq6xXFXXX2\/200162319\/HTB1NDV9KXXXXXbsaXXXq6xXFXXX2.jpg\" data-width=\"760\" data-height=\"760\" alt=\"\" title=\"\"><\/p>\n<p><img loading=\"lazy\" decoding=\"async\" src=\"https:\/\/sc02.alicdn.com\/kf\/HTB18hm4SpXXXXapXVXXq6xXFXXXV\/200162319\/HTB18hm4SpXXXXapXVXXq6xXFXXXV.jpg\" alt=\"Fabrika do\u011frudan sat\u0131\u015f\u0131 100% Yeni Malzemeler D\u00f6rt duvarl\u0131 PC i\u00e7i bo\u015f levha\" width=\"750\" height=\"561\" data-src=\"\/\/sc02.alicdn.com\/kf\/HTB18hm4SpXXXXapXVXXq6xXFXXXV\/200162319\/HTB18hm4SpXXXXapXVXXq6xXFXXXV.jpg\" data-alt=\"Factory direct sale 100% New Materials Four-wall PC hollow sheet\" data-width=\"761\" data-height=\"569\" data- title=\"\"><\/p>\n<p>\u00a0<\/p>\n<\/div>\n<\/div>","protected":false},"featured_media":16806,"parent":0,"template":"","product-catagories":[178],"product-tag":[],"class_list":["post-15430","product","type-product","status-publish","has-post-thumbnail","hentry","product-catagories-polycarbonate-hollow-sheet"],"acf":[],"_links":{"self":[{"href":"https:\/\/www.tononplastics.com\/tr\/wp-json\/wp\/v2\/product\/15430","targetHints":{"allow":["GET"]}}],"collection":[{"href":"https:\/\/www.tononplastics.com\/tr\/wp-json\/wp\/v2\/product"}],"about":[{"href":"https:\/\/www.tononplastics.com\/tr\/wp-json\/wp\/v2\/types\/product"}],"version-history":[{"count":0,"href":"https:\/\/www.tononplastics.com\/tr\/wp-json\/wp\/v2\/product\/15430\/revisions"}],"wp:featuredmedia":[{"embeddable":true,"href":"https:\/\/www.tononplastics.com\/tr\/wp-json\/wp\/v2\/media\/16806"}],"wp:attachment":[{"href":"https:\/\/www.tononplastics.com\/tr\/wp-json\/wp\/v2\/media?parent=15430"}],"wp:term":[{"taxonomy":"product-catagories","embeddable":true,"href":"https:\/\/www.tononplastics.com\/tr\/wp-json\/wp\/v2\/product-catagories?post=15430"},{"taxonomy":"product-tag","embeddable":true,"href":"https:\/\/www.tononplastics.com\/tr\/wp-json\/wp\/v2\/product-tag?post=15430"}],"curies":[{"name":"wp","href":"https:\/\/api.w.org\/{rel}","templated":true}]}}